{"id":374,"date":"2019-01-07T11:35:37","date_gmt":"2019-01-07T10:35:37","guid":{"rendered":"http:\/\/localhost\/lsr\/?page_id=374"},"modified":"2025-12-01T09:22:26","modified_gmt":"2025-12-01T08:22:26","slug":"home","status":"publish","type":"page","link":"https:\/\/www.lsr-luft.de\/","title":{"rendered":""},"content":{"rendered":"\t\t<div data-elementor-type=\"wp-post\" data-elementor-id=\"374\" class=\"elementor elementor-374\" data-elementor-post-type=\"page\">\n\t\t\t\t\t\t<section class=\"elementor-section elementor-top-section elementor-element elementor-element-ea4e456 elementor-section-full_width elementor-section-height-default elementor-section-height-default\" data-id=\"ea4e456\" data-element_type=\"section\">\n\t\t\t\t\t\t<div class=\"elementor-container elementor-column-gap-default\">\n\t\t\t\t\t<div class=\"elementor-column elementor-col-100 elementor-top-column elementor-element elementor-element-59f1b907\" data-id=\"59f1b907\" data-element_type=\"column\">\n\t\t\t<div class=\"elementor-widget-wrap elementor-element-populated\">\n\t\t\t\t\t\t<div class=\"elementor-element elementor-element-de489b2 elementor-widget elementor-widget-text-editor\" data-id=\"de489b2\" data-element_type=\"widget\" data-widget_type=\"text-editor.default\">\n\t\t\t\t<div class=\"elementor-widget-container\">\n\t\t\t\t\t\t\t<h2>Unser Service<\/h2>\t\t\t\t\t\t<\/div>\n\t\t\t\t<\/div>\n\t\t\t\t<section class=\"elementor-section elementor-inner-section elementor-element elementor-element-c16255c elementor-section-boxed elementor-section-height-default elementor-section-height-default\" data-id=\"c16255c\" data-element_type=\"section\">\n\t\t\t\t\t\t<div class=\"elementor-container elementor-column-gap-default\">\n\t\t\t\t\t<div class=\"elementor-column elementor-col-25 elementor-inner-column elementor-element elementor-element-efe6c79\" data-id=\"efe6c79\" data-element_type=\"column\">\n\t\t\t<div class=\"elementor-widget-wrap elementor-element-populated\">\n\t\t\t\t\t\t<div class=\"elementor-element elementor-element-e32d392 elementor-widget elementor-widget-image\" data-id=\"e32d392\" data-element_type=\"widget\" data-widget_type=\"image.default\">\n\t\t\t\t<div class=\"elementor-widget-container\">\n\t\t\t\t\t\t\t\t\t\t\t\t\t<img fetchpriority=\"high\" decoding=\"async\" width=\"640\" height=\"427\" src=\"https:\/\/www.lsr-luft.de\/wp-content\/uploads\/2020\/12\/NL-Kuehlschmierstoffe-WP.jpg\" class=\"attachment-medium_large size-medium_large wp-image-888\" alt=\"\" \/>\t\t\t\t\t\t\t\t\t\t\t\t\t<\/div>\n\t\t\t\t<\/div>\n\t\t\t\t<div class=\"elementor-element elementor-element-b513b3e elementor-widget elementor-widget-text-editor\" data-id=\"b513b3e\" data-element_type=\"widget\" data-widget_type=\"text-editor.default\">\n\t\t\t\t<div class=\"elementor-widget-container\">\n\t\t\t\t\t\t\t<h3>Luftreinhaltung<\/h3><p>Saubere Luft zu atmen ist ein elementares Grundbed\u00fcrfnis der Menschen.\u00a0<\/p><p>Um die Umwelt zu schonen und gute Arbeitsbedingungen f\u00fcr Ihre Mitarbeiter zu erm\u00f6glichen, r\u00fccken die Anforderungen der Luftreinhaltung in der Industrie und dem produzierenden Gewerbe stark in den Vordergrund.<\/p><p>Vom Elektrofilter bis hin zum mechanischen Vorabscheider\u00a0 haben wir f\u00fcr Sie eine geeignete L\u00f6sung!<\/p>\t\t\t\t\t\t<\/div>\n\t\t\t\t<\/div>\n\t\t\t\t\t<\/div>\n\t\t<\/div>\n\t\t\t\t<div class=\"elementor-column elementor-col-25 elementor-inner-column elementor-element elementor-element-065c089\" data-id=\"065c089\" data-element_type=\"column\">\n\t\t\t<div class=\"elementor-widget-wrap elementor-element-populated\">\n\t\t\t\t\t\t<div class=\"elementor-element elementor-element-ee4d26d elementor-widget elementor-widget-image\" data-id=\"ee4d26d\" data-element_type=\"widget\" data-widget_type=\"image.default\">\n\t\t\t\t<div class=\"elementor-widget-container\">\n\t\t\t\t\t\t\t\t\t\t\t\t\t<img decoding=\"async\" width=\"1024\" height=\"684\" src=\"https:\/\/www.lsr-luft.de\/wp-content\/uploads\/2020\/12\/2_ZRHOpfikon.jpg\" class=\"attachment-large size-large wp-image-891\" alt=\"\" \/>\t\t\t\t\t\t\t\t\t\t\t\t\t<\/div>\n\t\t\t\t<\/div>\n\t\t\t\t<div class=\"elementor-element elementor-element-ecb4f05 elementor-widget elementor-widget-text-editor\" data-id=\"ecb4f05\" data-element_type=\"widget\" data-widget_type=\"text-editor.default\">\n\t\t\t\t<div class=\"elementor-widget-container\">\n\t\t\t\t\t\t\t<h3>Raumlufttechnik<\/h3><p>Ein angenehmes Raumklima ist unerl\u00e4sslich f\u00fcr die Gesundheit und das Wohlbefinden jedes Einzelnen.<\/p><p>Kleines Einzelb\u00fcro? Gro\u00dfe Produktionshalle? Von Anlage zu Anlage variieren die Anforderungen an ein ausgewogenes System. Unser Netzwerk mit namhaften und qualitativ hochwertigen Herstellern erm\u00f6glicht ein individuelles Angebot.\u00a0\u00a0<\/p><p>\u00a0<\/p>\t\t\t\t\t\t<\/div>\n\t\t\t\t<\/div>\n\t\t\t\t\t<\/div>\n\t\t<\/div>\n\t\t\t\t<div class=\"elementor-column elementor-col-25 elementor-inner-column elementor-element elementor-element-e599b1a\" data-id=\"e599b1a\" data-element_type=\"column\">\n\t\t\t<div class=\"elementor-widget-wrap elementor-element-populated\">\n\t\t\t\t\t\t<div class=\"elementor-element elementor-element-96ff918 elementor-widget elementor-widget-image\" data-id=\"96ff918\" data-element_type=\"widget\" data-widget_type=\"image.default\">\n\t\t\t\t<div class=\"elementor-widget-container\">\n\t\t\t\t\t\t\t\t\t\t\t\t\t<img decoding=\"async\" width=\"400\" height=\"264\" src=\"https:\/\/www.lsr-luft.de\/wp-content\/uploads\/2020\/12\/bild0360klein_291_res_400x264_sft_jpg.jpg\" class=\"attachment-large size-large wp-image-832\" alt=\"\" \/>\t\t\t\t\t\t\t\t\t\t\t\t\t<\/div>\n\t\t\t\t<\/div>\n\t\t\t\t<div class=\"elementor-element elementor-element-3e1d021 elementor-widget elementor-widget-text-editor\" data-id=\"3e1d021\" data-element_type=\"widget\" data-widget_type=\"text-editor.default\">\n\t\t\t\t<div class=\"elementor-widget-container\">\n\t\t\t\t\t\t\t<h3>Wartung<\/h3><p>L\u00fcftungs- bzw. Filtrationsanlagen ben\u00f6tigen regelm\u00e4\u00dfig eine Reinigung und Wartung. Dies erh\u00f6ht die Standzeiten und verhindert Ausf\u00e4lle sowie Qualit\u00e4tseinbu\u00dfen.<\/p><p>Viele RLT-Anlagen werden nach den hygienetechnischen Standards der VDI6022 betrieben. Hierzu gelten besondere Anforderungen. Gerne helfen wir Ihnen weiter!<\/p><p>\u00a0<\/p>\t\t\t\t\t\t<\/div>\n\t\t\t\t<\/div>\n\t\t\t\t\t<\/div>\n\t\t<\/div>\n\t\t\t\t<div class=\"elementor-column elementor-col-25 elementor-inner-column elementor-element elementor-element-d419799\" data-id=\"d419799\" data-element_type=\"column\">\n\t\t\t<div class=\"elementor-widget-wrap elementor-element-populated\">\n\t\t\t\t\t\t<div class=\"elementor-element elementor-element-4b4e0cb elementor-widget elementor-widget-image\" data-id=\"4b4e0cb\" data-element_type=\"widget\" data-widget_type=\"image.default\">\n\t\t\t\t<div class=\"elementor-widget-container\">\n\t\t\t\t\t\t\t\t\t\t\t\t\t<img loading=\"lazy\" decoding=\"async\" width=\"400\" height=\"264\" src=\"https:\/\/www.lsr-luft.de\/wp-content\/uploads\/2020\/12\/Acha7001_3d_website.jpg\" class=\"attachment-large size-large wp-image-831\" alt=\"\" \/>\t\t\t\t\t\t\t\t\t\t\t\t\t<\/div>\n\t\t\t\t<\/div>\n\t\t\t\t<div class=\"elementor-element elementor-element-1ced43b elementor-widget elementor-widget-text-editor\" data-id=\"1ced43b\" data-element_type=\"widget\" data-widget_type=\"text-editor.default\">\n\t\t\t\t<div class=\"elementor-widget-container\">\n\t\t\t\t\t\t\t<h3>Planung<\/h3><p>Mit unserer jahrzehntelangen Erfahrung unterst\u00fctzen wir Sie bei Ihrem Vorhaben, wenn es um die Auslegung einer Filtereinheit bis hin zu einem geeigneten Erfassungselement, der Be-stimmung einer zweck-m\u00e4\u00dfigen raumluft-technischen Anlage bis zu deren Inbetriebnahme geht.<\/p><p>Wir stellen Ihnen unser Know-how f\u00fcr die Planung, Berechnung und die M\u00f6glichkeiten zur Aufstellung gerne zur Verf\u00fcgung.<\/p>\t\t\t\t\t\t<\/div>\n\t\t\t\t<\/div>\n\t\t\t\t\t<\/div>\n\t\t<\/div>\n\t\t\t\t\t<\/div>\n\t\t<\/section>\n\t\t\t\t\t<\/div>\n\t\t<\/div>\n\t\t\t\t\t<\/div>\n\t\t<\/section>\n\t\t\t\t<section class=\"elementor-section elementor-top-section elementor-element elementor-element-f4ca383 elementor-section-boxed elementor-section-height-default elementor-section-height-default\" data-id=\"f4ca383\" data-element_type=\"section\">\n\t\t\t\t\t\t<div class=\"elementor-container elementor-column-gap-default\">\n\t\t\t\t\t<div class=\"elementor-column elementor-col-100 elementor-top-column elementor-element elementor-element-7e33d5b\" data-id=\"7e33d5b\" data-element_type=\"column\">\n\t\t\t<div class=\"elementor-widget-wrap elementor-element-populated\">\n\t\t\t\t\t\t<div class=\"elementor-element elementor-element-cd71f9c elementor-widget elementor-widget-text-editor\" data-id=\"cd71f9c\" data-element_type=\"widget\" data-widget_type=\"text-editor.default\">\n\t\t\t\t<div class=\"elementor-widget-container\">\n\t\t\t\t\t\t\t<h2>Unser Partner<\/h2>\t\t\t\t\t\t<\/div>\n\t\t\t\t<\/div>\n\t\t\t\t<div class=\"elementor-element elementor-element-697de86 elementor-arrows-position-inside elementor-pagination-position-outside elementor-widget elementor-widget-image-carousel\" data-id=\"697de86\" data-element_type=\"widget\" data-settings=\"{&quot;image_spacing_custom&quot;:{&quot;unit&quot;:&quot;px&quot;,&quot;size&quot;:75,&quot;sizes&quot;:[]},&quot;motion_fx_motion_fx_scrolling&quot;:&quot;yes&quot;,&quot;navigation&quot;:&quot;both&quot;,&quot;autoplay&quot;:&quot;yes&quot;,&quot;pause_on_hover&quot;:&quot;yes&quot;,&quot;pause_on_interaction&quot;:&quot;yes&quot;,&quot;autoplay_speed&quot;:5000,&quot;infinite&quot;:&quot;yes&quot;,&quot;speed&quot;:500,&quot;image_spacing_custom_tablet&quot;:{&quot;unit&quot;:&quot;px&quot;,&quot;size&quot;:&quot;&quot;,&quot;sizes&quot;:[]},&quot;image_spacing_custom_mobile&quot;:{&quot;unit&quot;:&quot;px&quot;,&quot;size&quot;:&quot;&quot;,&quot;sizes&quot;:[]},&quot;motion_fx_devices&quot;:[&quot;desktop&quot;,&quot;tablet&quot;,&quot;mobile&quot;]}\" data-widget_type=\"image-carousel.default\">\n\t\t\t\t<div class=\"elementor-widget-container\">\n\t\t\t\t\t<div class=\"elementor-image-carousel-wrapper swiper\" dir=\"ltr\">\n\t\t\t<div class=\"elementor-image-carousel swiper-wrapper\" aria-live=\"off\">\n\t\t\t\t\t\t\t\t<div class=\"swiper-slide\" role=\"group\" aria-roledescription=\"slide\" aria-label=\"1 von 9\"><figure class=\"swiper-slide-inner\"><img decoding=\"async\" class=\"swiper-slide-image\" src=\"https:\/\/www.lsr-luft.de\/wp-content\/uploads\/2021\/01\/BL_Logo_Basic_RGB.jpg\" alt=\"BL_Logo_Basic_RGB\" \/><\/figure><\/div><div class=\"swiper-slide\" role=\"group\" aria-roledescription=\"slide\" aria-label=\"2 von 9\"><figure class=\"swiper-slide-inner\"><img decoding=\"async\" class=\"swiper-slide-image\" src=\"https:\/\/www.lsr-luft.de\/wp-content\/uploads\/2021\/01\/CIBAVISION-Alcon-Logo-300x187-1.jpg\" alt=\"CIBAVISION-Alcon-Logo-300x187\" \/><\/figure><\/div><div class=\"swiper-slide\" role=\"group\" aria-roledescription=\"slide\" aria-label=\"3 von 9\"><figure class=\"swiper-slide-inner\"><img decoding=\"async\" class=\"swiper-slide-image\" src=\"https:\/\/www.lsr-luft.de\/wp-content\/uploads\/2021\/01\/Elkamet-logo-wc_x200_y200_552.png\" alt=\"Elkamet logo wc_x200_y200_552\" \/><\/figure><\/div><div class=\"swiper-slide\" role=\"group\" aria-roledescription=\"slide\" aria-label=\"4 von 9\"><figure class=\"swiper-slide-inner\"><img decoding=\"async\" class=\"swiper-slide-image\" src=\"https:\/\/www.lsr-luft.de\/wp-content\/uploads\/2021\/01\/Parker.svg.png\" alt=\"Parker.svg\" \/><\/figure><\/div><div class=\"swiper-slide\" role=\"group\" aria-roledescription=\"slide\" aria-label=\"5 von 9\"><figure class=\"swiper-slide-inner\"><img decoding=\"async\" class=\"swiper-slide-image\" src=\"https:\/\/www.lsr-luft.de\/wp-content\/uploads\/2021\/01\/Starrag_Group_logo.svg.png\" alt=\"Starrag_Group_logo.svg\" \/><\/figure><\/div><div class=\"swiper-slide\" role=\"group\" aria-roledescription=\"slide\" aria-label=\"6 von 9\"><figure class=\"swiper-slide-inner\"><img decoding=\"async\" class=\"swiper-slide-image\" src=\"https:\/\/www.lsr-luft.de\/wp-content\/uploads\/2021\/01\/ACTION_Logo.jpg\" alt=\"ACTION_Logo\" \/><\/figure><\/div><div class=\"swiper-slide\" role=\"group\" aria-roledescription=\"slide\" aria-label=\"7 von 9\"><figure class=\"swiper-slide-inner\"><img decoding=\"async\" class=\"swiper-slide-image\" src=\"https:\/\/www.lsr-luft.de\/wp-content\/uploads\/2021\/01\/Koki-logo-images.png\" alt=\"Koki logo images\" \/><\/figure><\/div><div class=\"swiper-slide\" role=\"group\" aria-roledescription=\"slide\" aria-label=\"8 von 9\"><figure class=\"swiper-slide-inner\"><img decoding=\"async\" class=\"swiper-slide-image\" src=\"https:\/\/www.lsr-luft.de\/wp-content\/uploads\/2021\/01\/Scherdel_GmbH_Logo.svg.png\" alt=\"Scherdel_GmbH_Logo.svg\" \/><\/figure><\/div><div class=\"swiper-slide\" role=\"group\" aria-roledescription=\"slide\" aria-label=\"9 von 9\"><figure class=\"swiper-slide-inner\"><img decoding=\"async\" class=\"swiper-slide-image\" src=\"https:\/\/www.lsr-luft.de\/wp-content\/uploads\/2025\/12\/schaeffler-logo.jpg\" alt=\"schaeffler-logo\" \/><\/figure><\/div>\t\t\t<\/div>\n\t\t\t\t\t\t\t\t\t\t\t\t<div class=\"elementor-swiper-button elementor-swiper-button-prev\" role=\"button\" tabindex=\"0\">\n\t\t\t\t\t\t<i aria-hidden=\"true\" class=\"eicon-chevron-left\"><\/i>\t\t\t\t\t<\/div>\n\t\t\t\t\t<div class=\"elementor-swiper-button elementor-swiper-button-next\" role=\"button\" tabindex=\"0\">\n\t\t\t\t\t\t<i aria-hidden=\"true\" class=\"eicon-chevron-right\"><\/i>\t\t\t\t\t<\/div>\n\t\t\t\t\n\t\t\t\t\t\t\t\t\t<div class=\"swiper-pagination\"><\/div>\n\t\t\t\t\t\t\t\t\t<\/div>\n\t\t\t\t<\/div>\n\t\t\t\t<\/div>\n\t\t\t\t\t<\/div>\n\t\t<\/div>\n\t\t\t\t\t<\/div>\n\t\t<\/section>\n\t\t\t\t<\/div>\n\t\t","protected":false},"excerpt":{"rendered":"<p>Unser Service Luftreinhaltung Saubere Luft zu atmen ist ein elementares Grundbed\u00fcrfnis der Menschen.\u00a0 Um die Umwelt zu schonen und gute Arbeitsbedingungen f\u00fcr Ihre Mitarbeiter zu erm\u00f6glichen, r\u00fccken die Anforderungen der Luftreinhaltung in der Industrie und dem produzierenden Gewerbe stark in den Vordergrund. Vom Elektrofilter bis hin zum mechanischen Vorabscheider\u00a0 haben wir f\u00fcr Sie eine geeignete [&hellip;]<\/p>\n","protected":false},"author":2,"featured_media":0,"parent":0,"menu_order":1,"comment_status":"closed","ping_status":"closed","template":"","meta":{"footnotes":""},"class_list":["post-374","page","type-page","status-publish","hentry"],"yoast_head":"<!-- This site is optimized with the Yoast SEO plugin v15.4 - https:\/\/yoast.com\/wordpress\/plugins\/seo\/ -->\n<title>- LSR Lufttechnik - Mehr als saubere Luft!<\/title>\n<meta name=\"robots\" content=\"index, follow, max-snippet:-1, max-image-preview:large, max-video-preview:-1\" \/>\n<link rel=\"canonical\" href=\"https:\/\/www.lsr-luft.de\/\" \/>\n<meta property=\"og:locale\" content=\"de_DE\" \/>\n<meta property=\"og:type\" content=\"article\" \/>\n<meta property=\"og:title\" content=\"- LSR Lufttechnik - Mehr als saubere Luft!\" \/>\n<meta property=\"og:description\" content=\"Unser Service Luftreinhaltung Saubere Luft zu atmen ist ein elementares Grundbed\u00fcrfnis der Menschen.\u00a0 Um die Umwelt zu schonen und gute Arbeitsbedingungen f\u00fcr Ihre Mitarbeiter zu erm\u00f6glichen, r\u00fccken die Anforderungen der Luftreinhaltung in der Industrie und dem produzierenden Gewerbe stark in den Vordergrund. Vom Elektrofilter bis hin zum mechanischen Vorabscheider\u00a0 haben wir f\u00fcr Sie eine geeignete [&hellip;]\" \/>\n<meta property=\"og:url\" content=\"https:\/\/www.lsr-luft.de\/\" \/>\n<meta property=\"og:site_name\" content=\"LSR Lufttechnik - Mehr als saubere Luft!\" \/>\n<meta property=\"article:modified_time\" content=\"2025-12-01T08:22:26+00:00\" \/>\n<meta property=\"og:image\" content=\"https:\/\/www.lsr-luft.de\/wp-content\/uploads\/2020\/12\/NL-Kuehlschmierstoffe-WP.jpg\" \/>\n<meta name=\"twitter:card\" content=\"summary_large_image\" \/>\n<meta name=\"twitter:label1\" content=\"Geschrieben von\">\n\t<meta name=\"twitter:data1\" content=\"BRuehl\">\n\t<meta name=\"twitter:label2\" content=\"Gesch\u00e4tzte Lesezeit\">\n\t<meta name=\"twitter:data2\" content=\"1\u00a0Minute\">\n<script type=\"application\/ld+json\" class=\"yoast-schema-graph\">{\"@context\":\"https:\/\/schema.org\",\"@graph\":[{\"@type\":\"Organization\",\"@id\":\"https:\/\/www.lsr-luft.de\/#organization\",\"name\":\"L\\u00fcftungs Service Roch KG\",\"url\":\"https:\/\/www.lsr-luft.de\/\",\"sameAs\":[],\"logo\":{\"@type\":\"ImageObject\",\"@id\":\"https:\/\/www.lsr-luft.de\/#logo\",\"inLanguage\":\"de\",\"url\":\"https:\/\/www.lsr-luft.de\/wp-content\/uploads\/2020\/12\/Logo-LSR_only-01.png\",\"width\":7343,\"height\":3239,\"caption\":\"L\\u00fcftungs Service Roch KG\"},\"image\":{\"@id\":\"https:\/\/www.lsr-luft.de\/#logo\"}},{\"@type\":\"WebSite\",\"@id\":\"https:\/\/www.lsr-luft.de\/#website\",\"url\":\"https:\/\/www.lsr-luft.de\/\",\"name\":\"L\\u00fcftungs Service Roch KG\",\"description\":\"L\\u00fcftung | Filtration | SHK\",\"publisher\":{\"@id\":\"https:\/\/www.lsr-luft.de\/#organization\"},\"potentialAction\":[{\"@type\":\"SearchAction\",\"target\":\"https:\/\/www.lsr-luft.de\/?s={search_term_string}\",\"query-input\":\"required name=search_term_string\"}],\"inLanguage\":\"de\"},{\"@type\":\"ImageObject\",\"@id\":\"https:\/\/www.lsr-luft.de\/#primaryimage\",\"inLanguage\":\"de\",\"url\":\"https:\/\/www.lsr-luft.de\/wp-content\/uploads\/2020\/12\/NL-Kuehlschmierstoffe-WP.jpg\",\"width\":640,\"height\":427},{\"@type\":\"WebPage\",\"@id\":\"https:\/\/www.lsr-luft.de\/#webpage\",\"url\":\"https:\/\/www.lsr-luft.de\/\",\"name\":\"- LSR Lufttechnik - Mehr als saubere Luft!\",\"isPartOf\":{\"@id\":\"https:\/\/www.lsr-luft.de\/#website\"},\"primaryImageOfPage\":{\"@id\":\"https:\/\/www.lsr-luft.de\/#primaryimage\"},\"datePublished\":\"2019-01-07T10:35:37+00:00\",\"dateModified\":\"2025-12-01T08:22:26+00:00\",\"inLanguage\":\"de\",\"potentialAction\":[{\"@type\":\"ReadAction\",\"target\":[\"https:\/\/www.lsr-luft.de\/\"]}]}]}<\/script>\n<!-- \/ Yoast SEO plugin. -->","_links":{"self":[{"href":"https:\/\/www.lsr-luft.de\/index.php\/wp-json\/wp\/v2\/pages\/374","targetHints":{"allow":["GET"]}}],"collection":[{"href":"https:\/\/www.lsr-luft.de\/index.php\/wp-json\/wp\/v2\/pages"}],"about":[{"href":"https:\/\/www.lsr-luft.de\/index.php\/wp-json\/wp\/v2\/types\/page"}],"author":[{"embeddable":true,"href":"https:\/\/www.lsr-luft.de\/index.php\/wp-json\/wp\/v2\/users\/2"}],"replies":[{"embeddable":true,"href":"https:\/\/www.lsr-luft.de\/index.php\/wp-json\/wp\/v2\/comments?post=374"}],"version-history":[{"count":46,"href":"https:\/\/www.lsr-luft.de\/index.php\/wp-json\/wp\/v2\/pages\/374\/revisions"}],"predecessor-version":[{"id":1051,"href":"https:\/\/www.lsr-luft.de\/index.php\/wp-json\/wp\/v2\/pages\/374\/revisions\/1051"}],"wp:attachment":[{"href":"https:\/\/www.lsr-luft.de\/index.php\/wp-json\/wp\/v2\/media?parent=374"}],"curies":[{"name":"wp","href":"https:\/\/api.w.org\/{rel}","templated":true}]}}