{"id":805,"date":"2020-12-11T23:19:46","date_gmt":"2020-12-11T22:19:46","guid":{"rendered":"http:\/\/demo.lsroch.com\/?page_id=805"},"modified":"2020-12-14T16:07:22","modified_gmt":"2020-12-14T15:07:22","slug":"datenschutz","status":"publish","type":"page","link":"https:\/\/www.lsr-luft.de\/index.php\/datenschutz\/","title":{"rendered":"Datenschutz"},"content":{"rendered":"<section data-id=\"7262dd8\" data-element_type=\"section\">\n<p style=\"text-align: center;\">1. Datenschutz auf einen Blick<br \/>\nAllgemeine Hinweise<br \/>\nDie folgenden Hinweise geben einen einfachen \u00dcberblick dar\u00fcber, was mit Ihren personenbezogenen Daten<br \/>\npassiert, wenn Sie diese Website besuchen. Personenbezogene Daten sind alle Daten, mit denen Sie<br \/>\npers\u00f6nlich identifiziert werden k\u00f6nnen. Ausf\u00fchrliche Informationen zum Thema Datenschutz entnehmen<br \/>\nSie unserer unter diesem Text aufgef\u00fchrten Datenschutzerkl\u00e4rung.<\/p>\n<p style=\"text-align: center;\">Datenerfassung auf dieser Website<br \/>\nWer ist verantwortlich f\u00fcr die Datenerfassung auf dieser Website?<br \/>\nDie Datenverarbeitung auf dieser Website erfolgt durch den Websitebetreiber. Dessen Kontaktdaten<br \/>\nk\u00f6nnen Sie dem Impressum dieser Website entnehmen.<br \/>\nWie erfassen wir Ihre Daten?<br \/>\nIhre Daten werden zum einen dadurch erhoben, dass Sie uns diese mitteilen. Hierbei kann es sich z. B. um<br \/>\nDaten handeln, die Sie in ein Kontaktformular eingeben.<br \/>\nAndere Daten werden automatisch beim Besuch der Website durch unsere IT-Systeme erfasst. Das sind vor<br \/>\nallem technische Daten (z. B. Internetbrowser, Betriebssystem oder Uhrzeit des Seitenaufrufs). Die<br \/>\nErfassung dieser Daten erfolgt automatisch, sobald Sie diese Website betreten.<br \/>\nWof\u00fcr nutzen wir Ihre Daten?<br \/>\nEin Teil der Daten wird erhoben, um eine fehlerfreie Bereitstellung der Website zu gew\u00e4hrleisten. Andere<br \/>\nDaten k\u00f6nnen zur Analyse Ihres Nutzerverhaltens verwendet werden.<br \/>\nWelche Rechte haben Sie bez\u00fcglich Ihrer Daten?<br \/>\nSie haben jederzeit das Recht unentgeltlich Auskunft \u00fcber Herkunft, Empf\u00e4nger und Zweck Ihrer<br \/>\ngespeicherten personenbezogenen Daten zu erhalten. Sie haben au\u00dferdem ein Recht, die Berichtigung oder<br \/>\nL\u00f6schung dieser Daten zu verlangen. Hierzu sowie zu weiteren Fragen zum Thema Datenschutz k\u00f6nnen Sie<br \/>\nsich jederzeit unter der im Impressum angegebenen Adresse an uns wenden. Des Weiteren steht Ihnen ein<br \/>\nBeschwerderecht bei der zust\u00e4ndigen Aufsichtsbeh\u00f6rde zu.<br \/>\nAu\u00dferdem haben Sie das Recht, unter bestimmten Umst\u00e4nden die Einschr\u00e4nkung der Verarbeitung Ihrer<br \/>\npersonenbezogenen Daten zu verlangen. Details hierzu entnehmen Sie der Datenschutzerkl\u00e4rung unter<br \/>\n\u201eRecht auf Einschr\u00e4nkung der Verarbeitung\u201c.<\/p>\n<p style=\"text-align: center;\">Analyse-Tools und Tools von Drittanbietern<br \/>\nBeim Besuch dieser Website kann Ihr Surf-Verhalten statistisch ausgewertet werden. Das geschieht vor<br \/>\nallem mit Cookies und mit sogenannten Analyseprogrammen. Die Analyse Ihres Surf-Verhaltens erfolgt in<br \/>\nder Regel anonym; das Surf-Verhalten kann nicht zu Ihnen zur\u00fcckverfolgt werden.<br \/>\nSie k\u00f6nnen dieser Analyse widersprechen oder sie durch die Nichtbenutzung bestimmter Tools verhindern.<br \/>\nDetaillierte Informationen zu diesen Tools und \u00fcber Ihre Widerspruchsm\u00f6glichkeiten finden Sie in der<br \/>\nfolgenden Datenschutzerkl\u00e4rung.<\/p>\n<p style=\"text-align: center;\">2. Hosting<br \/>\nExternes Hosting<br \/>\nDiese Website wird bei einem externen Dienstleister gehostet (Hoster). Personenbezogenen Daten, die auf<br \/>\ndieser Website erfasst werden, werden auf den Servern des Hosters gespeichert. Hierbei kann es sich v. a.<br \/>\num IP-Adressen, Kontaktanfragen, Meta- und Kommunikationsdaten, Vertragsdaten, Kontaktdaten, Namen,<br \/>\nWebseitenzugriffe und sonstige Daten, die \u00fcber eine Website generiert werden, handeln.<br \/>\nDer Einsatz des Hosters erfolgt zum Zwecke der Vertragserf\u00fcllung gegen\u00fcber unseren potenziellen und<br \/>\nbestehenden Kunden (Art. 6 Abs. 1 lit. b DSGVO) und im Interesse einer sicheren, schnellen und effizienten<br \/>\nBereitstellung unseres Online-Angebots durch einen professionellen Anbieter (Art. 6 Abs. 1 lit. f DSGVO).<br \/>\nUnser Hoster wird Ihre Daten nur insoweit verarbeiten, wie dies zur Erf\u00fcllung seiner Leistungspflichten<br \/>\nerforderlich ist und unsere Weisungen in Bezug auf diese Daten befolgen.<br \/>\nAbschluss eines Vertrages \u00fcber Auftragsverarbeitung<br \/>\nUm die datenschutzkonforme Verarbeitung zu gew\u00e4hrleisten, haben wir einen Vertrag \u00fcber<br \/>\nAuftragsverarbeitung mit unserem Hoster geschlossen.<\/p>\n<p style=\"text-align: center;\">3. Allgemeine Hinweise und Pflichtinformationen<br \/>\nDatenschutz<br \/>\nDie Betreiber dieser Seiten nehmen den Schutz Ihrer pers\u00f6nlichen Daten sehr ernst. Wir behandeln Ihre<br \/>\npersonenbezogenen Daten vertraulich und entsprechend der gesetzlichen Datenschutzvorschriften sowie<br \/>\ndieser Datenschutzerkl\u00e4rung.<br \/>\nWenn Sie diese Website benutzen, werden verschiedene personenbezogene Daten erhoben.<br \/>\nPersonenbezogene Daten sind Daten, mit denen Sie pers\u00f6nlich identifiziert werden k\u00f6nnen. Die vorliegende<br \/>\nDatenschutzerkl\u00e4rung erl\u00e4utert, welche Daten wir erheben und wof\u00fcr wir sie nutzen. Sie erl\u00e4utert auch, wie<br \/>\nund zu welchem Zweck das geschieht.<br \/>\nWir weisen darauf hin, dass die Daten\u00fcbertragung im Internet (z. B. bei der Kommunikation per E-Mail)<br \/>\nSicherheitsl\u00fccken aufweisen kann. Ein l\u00fcckenloser Schutz der Daten vor dem Zugriff durch Dritte ist nicht<br \/>\nm\u00f6glich.<\/p>\n<p style=\"text-align: center;\">Hinweis zur verantwortlichen Stelle<br \/>\nDie verantwortliche Stelle f\u00fcr die Datenverarbeitung auf dieser Website ist:<br \/>\nL\u00fcftungs Service Roch KG<br \/>\nAm Umspannwerk 1<br \/>\nD \u2013 90518 Altdorf<br \/>\nTelefon: +49 (0) 9187 \/ 90 56 75<br \/>\nE-Mail: info@lsroch.com<br \/>\nVerantwortliche Stelle ist die nat\u00fcrliche oder juristische Person, die allein oder gemeinsam mit anderen \u00fcber<br \/>\ndie Zwecke und Mittel der Verarbeitung von personenbezogenen Daten (z. B. Namen, E-Mail-Adressen o. \u00c4.)<br \/>\nentscheidet.<\/p>\n<p style=\"text-align: center;\">Widerruf Ihrer Einwilligung zur Datenverarbeitung<br \/>\nViele Datenverarbeitungsvorg\u00e4nge sind nur mit Ihrer ausdr\u00fccklichen Einwilligung m\u00f6glich. Sie k\u00f6nnen eine<br \/>\nbereits erteilte Einwilligung jederzeit widerrufen. Dazu reicht eine formlose Mitteilung per E-Mail an uns.<br \/>\nDie Rechtm\u00e4\u00dfigkeit der bis zum Widerruf erfolgten Datenverarbeitung bleibt vom Widerruf unber\u00fchrt.<br \/>\nWiderspruchsrecht gegen die Datenerhebung in besonderen F\u00e4llen sowie gegen<br \/>\nDirektwerbung (Art. 21 DSGVO)<br \/>\nWENN DIE DATENVERARBEITUNG AUF GRUNDLAGE VON ART. 6 ABS. 1 LIT. E ODER F DSGVO<br \/>\nERFOLGT, HABEN SIE JEDERZEIT DAS RECHT, AUS GR\u00dcNDEN, DIE SICH AUS IHRER BESONDEREN<br \/>\nSITUATION ERGEBEN, GEGEN DIE VERARBEITUNG IHRER PERSONENBEZOGENEN DATEN<br \/>\nWIDERSPRUCH EINZULEGEN; DIES GILT AUCH F\u00dcR EIN AUF DIESE BESTIMMUNGEN GEST\u00dcTZTES<br \/>\nPROFILING. DIE JEWEILIGE RECHTSGRUNDLAGE, AUF DENEN EINE VERARBEITUNG BERUHT,<br \/>\nENTNEHMEN SIE DIESER DATENSCHUTZERKL\u00c4RUNG. WENN SIE WIDERSPRUCH EINLEGEN,<br \/>\nWERDEN WIR IHRE BETROFFENEN PERSONENBEZOGENEN DATEN NICHT MEHR VERARBEITEN, ES<br \/>\nSEI DENN, WIR K\u00d6NNEN ZWINGENDE SCHUTZW\u00dcRDIGE GR\u00dcNDE F\u00dcR DIE VERARBEITUNG<br \/>\nNACHWEISEN, DIE IHRE INTERESSEN, RECHTE UND FREIHEITEN \u00dcBERWIEGEN ODER DIE<br \/>\nVERARBEITUNG DIENT DER GELTENDMACHUNG, AUS\u00dcBUNG ODER VERTEIDIGUNG VON<br \/>\nRECHTSANSPR\u00dcCHEN (WIDERSPRUCH NACH ART. 21 ABS. 1 DSGVO).<br \/>\nWERDEN IHRE PERSONENBEZOGENEN DATEN VERARBEITET, UM DIREKTWERBUNG ZU BETREIBEN,<br \/>\nSO HABEN SIE DAS RECHT, JEDERZEIT WIDERSPRUCH GEGEN DIE VERARBEITUNG SIE<br \/>\nBETREFFENDER PERSONENBEZOGENER DATEN ZUM ZWECKE DERARTIGER WERBUNG<br \/>\nEINZULEGEN; DIES GILT AUCH F\u00dcR DAS PROFILING, SOWEIT ES MIT SOLCHER DIREKTWERBUNG IN<br \/>\nVERBINDUNG STEHT. WENN SIE WIDERSPRECHEN, WERDEN IHRE PERSONENBEZOGENEN DATEN<br \/>\nANSCHLIESSEND NICHT MEHR ZUM ZWECKE DER DIREKTWERBUNG VERWENDET (WIDERSPRUCH<br \/>\nNACH ART. 21 ABS. 2 DSGVO).<\/p>\n<p style=\"text-align: center;\">Beschwerderecht bei der zust\u00e4ndigen Aufsichtsbeh\u00f6rde<br \/>\nIm Falle von Verst\u00f6\u00dfen gegen die DSGVO steht den Betroffenen ein Beschwerderecht bei einer<br \/>\nAufsichtsbeh\u00f6rde, insbesondere in dem Mitgliedstaat ihres gew\u00f6hnlichen Aufenthalts, ihres Arbeitsplatzes<br \/>\noder des Orts des mutma\u00dflichen Versto\u00dfes zu. Das Beschwerderecht besteht unbeschadet anderweitiger<br \/>\nverwaltungsrechtlicher oder gerichtlicher Rechtsbehelfe.<\/p>\n<p style=\"text-align: center;\">Recht auf Daten\u00fcbertragbarkeit<br \/>\nSie haben das Recht, Daten, die wir auf Grundlage Ihrer Einwilligung oder in Erf\u00fcllung eines Vertrags<br \/>\nautomatisiert verarbeiten, an sich oder an einen Dritten in einem g\u00e4ngigen, maschinenlesbaren Format<br \/>\naush\u00e4ndigen zu lassen. Sofern Sie die direkte \u00dcbertragung der Daten an einen anderen Verantwortlichen<br \/>\nverlangen, erfolgt dies nur, soweit es technisch machbar ist.<\/p>\n<p style=\"text-align: center;\">SSL- bzw. TLS-Verschl\u00fcsselung<br \/>\nDiese Seite nutzt aus Sicherheitsgr\u00fcnden und zum Schutz der \u00dcbertragung vertraulicher Inhalte, wie zum<br \/>\nBeispiel Bestellungen oder Anfragen, die Sie an uns als Seitenbetreiber senden, eine SSL- bzw. TLSVerschl\u00fcsselung. Eine verschl\u00fcsselte Verbindung erkennen Sie daran, dass die Adresszeile des Browsers von<br \/>\n\u201ehttp:\/\/\u201c auf \u201ehttps:\/\/\u201c wechselt und an dem Schloss-Symbol in Ihrer Browserzeile.<br \/>\nWenn die SSL- bzw. TLS-Verschl\u00fcsselung aktiviert ist, k\u00f6nnen die Daten, die Sie an uns \u00fcbermitteln, nicht<br \/>\nvon Dritten mitgelesen werden.<\/p>\n<p style=\"text-align: center;\">Auskunft, L\u00f6schung und Berichtigung<br \/>\nSie haben im Rahmen der geltenden gesetzlichen Bestimmungen jederzeit das Recht auf unentgeltliche<br \/>\nAuskunft \u00fcber Ihre gespeicherten personenbezogenen Daten, deren Herkunft und Empf\u00e4nger und den<br \/>\n5 \/ 10<br \/>\nZweck der Datenverarbeitung und ggf. ein Recht auf Berichtigung oder L\u00f6schung dieser Daten. Hierzu sowie<br \/>\nzu weiteren Fragen zum Thema personenbezogene Daten k\u00f6nnen Sie sich jederzeit unter der im Impressum<br \/>\nangegebenen Adresse an uns wenden.<\/p>\n<p style=\"text-align: center;\">Recht auf Einschr\u00e4nkung der Verarbeitung<br \/>\nSie haben das Recht, die Einschr\u00e4nkung der Verarbeitung Ihrer personenbezogenen Daten zu verlangen.<br \/>\nHierzu k\u00f6nnen Sie sich jederzeit unter der im Impressum angegebenen Adresse an uns wenden. Das Recht<br \/>\nauf Einschr\u00e4nkung der Verarbeitung besteht in folgenden F\u00e4llen:<br \/>\nWenn Sie die Richtigkeit Ihrer bei uns gespeicherten personenbezogenen Daten bestreiten, ben\u00f6tigen wir<br \/>\nin der Regel Zeit, um dies zu \u00fcberpr\u00fcfen. F\u00fcr die Dauer der Pr\u00fcfung haben Sie das Recht, die<br \/>\nEinschr\u00e4nkung der Verarbeitung Ihrer personenbezogenen Daten zu verlangen.<br \/>\nWenn die Verarbeitung Ihrer personenbezogenen Daten unrechtm\u00e4\u00dfig geschah\/geschieht, k\u00f6nnen Sie<br \/>\nstatt der L\u00f6schung die Einschr\u00e4nkung der Datenverarbeitung verlangen.<br \/>\nWenn wir Ihre personenbezogenen Daten nicht mehr ben\u00f6tigen, Sie sie jedoch zur Aus\u00fcbung,<br \/>\nVerteidigung oder Geltendmachung von Rechtsanspr\u00fcchen ben\u00f6tigen, haben Sie das Recht, statt der<br \/>\nL\u00f6schung die Einschr\u00e4nkung der Verarbeitung Ihrer personenbezogenen Daten zu verlangen.<br \/>\nWenn Sie einen Widerspruch nach Art. 21 Abs. 1 DSGVO eingelegt haben, muss eine Abw\u00e4gung zwischen<br \/>\nIhren und unseren Interessen vorgenommen werden. Solange noch nicht feststeht, wessen Interessen<br \/>\n\u00fcberwiegen, haben Sie das Recht, die Einschr\u00e4nkung der Verarbeitung Ihrer personenbezogenen Daten<br \/>\nzu verlangen.<br \/>\nWenn Sie die Verarbeitung Ihrer personenbezogenen Daten eingeschr\u00e4nkt haben, d\u00fcrfen diese Daten \u2013 von<br \/>\nihrer Speicherung abgesehen \u2013 nur mit Ihrer Einwilligung oder zur Geltendmachung, Aus\u00fcbung oder<br \/>\nVerteidigung von Rechtsanspr\u00fcchen oder zum Schutz der Rechte einer anderen nat\u00fcrlichen oder<br \/>\njuristischen Person oder aus Gr\u00fcnden eines wichtigen \u00f6ffentlichen Interesses der Europ\u00e4ischen Union oder<br \/>\neines Mitgliedstaats verarbeitet werden.<\/p>\n<p style=\"text-align: center;\">4. Datenerfassung auf dieser Website<br \/>\nCookies<br \/>\nDie Internetseiten verwenden teilweise so genannte Cookies. Cookies richten auf Ihrem Rechner keinen<br \/>\nSchaden an und enthalten keine Viren. Cookies dienen dazu, unser Angebot nutzerfreundlicher, effektiver<br \/>\nund sicherer zu machen. Cookies sind kleine Textdateien, die auf Ihrem Rechner abgelegt werden und die Ihr<br \/>\nBrowser speichert.<br \/>\nDie meisten der von uns verwendeten Cookies sind so genannte \u201eSession-Cookies\u201c. Sie werden nach Ende<br \/>\nIhres Besuchs automatisch gel\u00f6scht. Andere Cookies bleiben auf Ihrem Endger\u00e4t gespeichert bis Sie diese<br \/>\nl\u00f6schen. Diese Cookies erm\u00f6glichen es uns, Ihren Browser beim n\u00e4chsten Besuch wiederzuerkennen.<br \/>\nSie k\u00f6nnen Ihren Browser so einstellen, dass Sie \u00fcber das Setzen von Cookies informiert werden und<br \/>\nCookies nur im Einzelfall erlauben, die Annahme von Cookies f\u00fcr bestimmte F\u00e4lle oder generell ausschlie\u00dfen<br \/>\nsowie das automatische L\u00f6schen der Cookies beim Schlie\u00dfen des Browsers aktivieren. Bei der<br \/>\nDeaktivierung von Cookies kann die Funktionalit\u00e4t dieser Website eingeschr\u00e4nkt sein.<br \/>\nCookies, die zur Durchf\u00fchrung des elektronischen Kommunikationsvorgangs oder zur Bereitstellung<br \/>\nbestimmter, von Ihnen erw\u00fcnschter Funktionen (z. B. Warenkorbfunktion) erforderlich sind, werden auf<br \/>\nGrundlage von Art. 6 Abs. 1 lit. f DSGVO gespeichert. Der Websitebetreiber hat ein berechtigtes Interesse<br \/>\nan der Speicherung von Cookies zur technisch fehlerfreien und optimierten Bereitstellung seiner Dienste.<br \/>\nSofern eine entsprechende Einwilligung abgefragt wurde (z. B. eine Einwilligung zur Speicherung von<br \/>\nCookies), erfolgt die Verarbeitung ausschlie\u00dflich auf Grundlage von Art. 6 Abs. 1 lit. a DSGVO; die<br \/>\nEinwilligung ist jederzeit widerrufbar.<br \/>\nSoweit andere Cookies (z. B. Cookies zur Analyse Ihres Surfverhaltens) gespeichert werden, werden diese in<br \/>\ndieser Datenschutzerkl\u00e4rung gesondert behandelt.<\/p>\n<p style=\"text-align: center;\">Server-Log-Dateien<br \/>\nDer Provider der Seiten erhebt und speichert automatisch Informationen in so genannten Server-LogDateien, die Ihr Browser automatisch an uns \u00fcbermittelt. Dies sind:<br \/>\nBrowsertyp und Browserversion<br \/>\nverwendetes Betriebssystem<br \/>\nReferrer URL<br \/>\nHostname des zugreifenden Rechners<br \/>\nUhrzeit der Serveranfrage<br \/>\nIP-Adresse<br \/>\nEine Zusammenf\u00fchrung dieser Daten mit anderen Datenquellen wird nicht vorgenommen.<br \/>\nDie Erfassung dieser Daten erfolgt auf Grundlage von Art. 6 Abs. 1 lit. f DSGVO. Der Websitebetreiber hat<br \/>\nein berechtigtes Interesse an der technisch fehlerfreien Darstellung und der Optimierung seiner Website \u2013<br \/>\nhierzu m\u00fcssen die Server-Log-Files erfasst werden.<\/p>\n<p style=\"text-align: center;\">Kontaktformular<br \/>\nWenn Sie uns per Kontaktformular Anfragen zukommen lassen, werden Ihre Angaben aus dem<br \/>\nAnfrageformular inklusive der von Ihnen dort angegebenen Kontaktdaten zwecks Bearbeitung der Anfrage<br \/>\nund f\u00fcr den Fall von Anschlussfragen bei uns gespeichert. Diese Daten geben wir nicht ohne Ihre<br \/>\nEinwilligung weiter.<br \/>\nDie Verarbeitung dieser Daten erfolgt auf Grundlage von Art. 6 Abs. 1 lit. b DSGVO, sofern Ihre Anfrage mit<br \/>\nder Erf\u00fcllung eines Vertrags zusammenh\u00e4ngt oder zur Durchf\u00fchrung vorvertraglicher Ma\u00dfnahmen<br \/>\nerforderlich ist. In allen \u00fcbrigen F\u00e4llen beruht die Verarbeitung auf unserem berechtigten Interesse an der<br \/>\neffektiven Bearbeitung der an uns gerichteten Anfragen (Art. 6 Abs. 1 lit. f DSGVO) oder auf Ihrer<br \/>\nEinwilligung (Art. 6 Abs. 1 lit. a DSGVO) sofern diese abgefragt wurde.<br \/>\nDie von Ihnen im Kontaktformular eingegebenen Daten verbleiben bei uns, bis Sie uns zur L\u00f6schung<br \/>\nauffordern, Ihre Einwilligung zur Speicherung widerrufen oder der Zweck f\u00fcr die Datenspeicherung entf\u00e4llt<br \/>\n(z. B. nach abgeschlossener Bearbeitung Ihrer Anfrage). Zwingende gesetzliche Bestimmungen \u2013<br \/>\ninsbesondere Aufbewahrungsfristen \u2013 bleiben unber\u00fchrt.<\/p>\n<p style=\"text-align: center;\">Anfrage per E-Mail, Telefon oder Telefax<br \/>\nWenn Sie uns per E-Mail, Telefon oder Telefax kontaktieren, wird Ihre Anfrage inklusive aller daraus<br \/>\nhervorgehenden personenbezogenen Daten (Name, Anfrage) zum Zwecke der Bearbeitung Ihres Anliegens<br \/>\nbei uns gespeichert und verarbeitet. Diese Daten geben wir nicht ohne Ihre Einwilligung weiter.<br \/>\nDie Verarbeitung dieser Daten erfolgt auf Grundlage von Art. 6 Abs. 1 lit. b DSGVO, sofern Ihre Anfrage mit<br \/>\nder Erf\u00fcllung eines Vertrags zusammenh\u00e4ngt oder zur Durchf\u00fchrung vorvertraglicher Ma\u00dfnahmen<br \/>\nerforderlich ist. In allen \u00fcbrigen F\u00e4llen beruht die Verarbeitung auf Ihrer Einwilligung (Art. 6 Abs. 1 lit. a<br \/>\nDSGVO) und\/oder auf unseren berechtigten Interessen (Art. 6 Abs. 1 lit. f DSGVO), da wir ein berechtigtes<br \/>\nInteresse an der effektiven Bearbeitung der an uns gerichteten Anfragen haben.<br \/>\nDie von Ihnen an uns per Kontaktanfragen \u00fcbersandten Daten verbleiben bei uns, bis Sie uns zur L\u00f6schung<br \/>\nauffordern, Ihre Einwilligung zur Speicherung widerrufen oder der Zweck f\u00fcr die Datenspeicherung entf\u00e4llt<br \/>\n(z. B. nach abgeschlossener Bearbeitung Ihres Anliegens). Zwingende gesetzliche Bestimmungen \u2013<br \/>\ninsbesondere gesetzliche Aufbewahrungsfristen \u2013 bleiben unber\u00fchrt.<\/p>\n<p style=\"text-align: center;\">5. Soziale Medien<br \/>\nSocial-Media-Plugins mit Shariff<br \/>\nAuf dieser Website werden Plugins von sozialen Medien verwendet (z. B. Facebook, Twitter, Google+,<br \/>\nInstagram, Pinterest, XING, LinkedIn, Tumblr).<br \/>\nDie Plugins k\u00f6nnen Sie in der Regel anhand der jeweiligen Social-Media-Logos erkennen. Um den<br \/>\nDatenschutz auf dieser Website zu gew\u00e4hrleisten, verwenden wir diese Plugins nur zusammen mit der<br \/>\nsogenannten \u201eShariff\u201c-L\u00f6sung. Diese Anwendung verhindert, dass die auf dieser Website integrierten Plugins<br \/>\nDaten schon beim ersten Betreten der Seite an den jeweiligen Anbieter \u00fcbertragen.<br \/>\nErst wenn Sie das jeweilige Plugin durch Anklicken der zugeh\u00f6rigen Schaltfl\u00e4che aktivieren, wird eine<br \/>\ndirekte Verbindung zum Server des Anbieters hergestellt (Einwilligung). Sobald Sie das Plugin aktivieren,<br \/>\nerh\u00e4lt der jeweilige Anbieter die Information, dass Sie mit Ihrer IP-Adresse dieser Website besucht haben.<br \/>\nWenn Sie gleichzeitig in Ihrem jeweiligen Social-Media-Account (z. B. Facebook) eingeloggt sind, kann der<br \/>\njeweilige Anbieter den Besuch dieser Website Ihrem Benutzerkonto zuordnen.<br \/>\nDas Aktivieren des Plugins stellt eine Einwilligung im Sinne des Art. 6 Abs. 1 lit. a DSGVO dar. Diese<br \/>\nEinwilligung k\u00f6nnen Sie jederzeit mit Wirkung f\u00fcr die Zukunft widerrufen.<\/p>\n<p style=\"text-align: center;\">Instagram Plugin<br \/>\nAuf dieser Website sind Funktionen des Dienstes Instagram eingebunden. Diese Funktionen werden<br \/>\nangeboten durch die Instagram Inc., 1601 Willow Road, Menlo Park, CA 94025, USA integriert.<br \/>\nWenn Sie in Ihrem Instagram-Account eingeloggt sind, k\u00f6nnen Sie durch Anklicken des Instagram-Buttons<br \/>\ndie Inhalte dieser Website mit Ihrem Instagram-Profil verlinken. Dadurch kann Instagram den Besuch dieser<br \/>\nWebsite Ihrem Benutzerkonto zuordnen. Wir weisen darauf hin, dass wir als Anbieter der Seiten keine<br \/>\nKenntnis vom Inhalt der \u00fcbermittelten Daten sowie deren Nutzung durch Instagram erhalten.<br \/>\nDie Verwendung des Instagram-Plugins erfolgt auf Grundlage von Art. 6 Abs. 1 lit. f DSGVO. Der<br \/>\nWebsitebetreiber hat ein berechtigtes Interesse an einer m\u00f6glichst umfangreichen Sichtbarkeit in den<br \/>\nSozialen Medien.<br \/>\nWeitere Informationen hierzu finden Sie in der Datenschutzerkl\u00e4rung von Instagram:<br \/>\nhttps:\/\/instagram.com\/about\/legal\/privacy\/.<\/p>\n<p style=\"text-align: center;\">6. Plugins und Tools<br \/>\nGoogle Maps (mit Einwilligung)<br \/>\nDiese Website nutzt \u00fcber eine API den Kartendienst Google Maps. Anbieterin ist die Google Ireland Limited<br \/>\n(\u201eGoogle\u201c), Gordon House, Barrow Street, Dublin 4, Irland.<br \/>\nUm den Datenschutz auf dieser Website zu gew\u00e4hrleisten, ist Google Maps deaktiviert, wenn Sie diese<br \/>\nWebsite das erste Mal betreten. Eine direkte Verbindung zu den Servern von Google wird erst hergestellt,<br \/>\nwenn Sie Google Maps selbstst\u00e4ndig aktivieren (Einwilligung nach Art. 6 Abs. 1 lit. a DSGVO). Auf diese<br \/>\nWeise wird verhindert, dass Ihre Daten schon beim ersten Betreten der Seite an Google \u00fcbertragen werden.<br \/>\nNach der Aktivierung wird Google Maps Ihre IP-Adresse speichern. Diese wird anschlie\u00dfend in der Regel an<br \/>\neinen Server von Google in den USA \u00fcbertragen und dort gespeichert. Der Anbieter dieser Seite hat nach<br \/>\nder Aktivierung von Google Maps keinen Einfluss auf diese Daten\u00fcbertragung.<br \/>\nMehr Informationen zum Umgang mit Nutzerdaten finden Sie in der Datenschutzerkl\u00e4rung von Google:<br \/>\nhttps:\/\/www.google.de\/intl\/de\/policies\/privacy\/.<\/p>\n<p style=\"text-align: center;\">Quelle:<br \/>\ne-recht24.de<\/p>\n<\/section>\n","protected":false},"excerpt":{"rendered":"<p>1. Datenschutz auf einen Blick Allgemeine Hinweise Die folgenden Hinweise geben einen einfachen \u00dcberblick dar\u00fcber, was mit Ihren personenbezogenen Daten passiert, wenn Sie diese Website besuchen. Personenbezogene Daten sind alle Daten, mit denen Sie pers\u00f6nlich identifiziert werden k\u00f6nnen. Ausf\u00fchrliche Informationen zum Thema Datenschutz entnehmen Sie unserer unter diesem Text aufgef\u00fchrten Datenschutzerkl\u00e4rung. Datenerfassung auf dieser Website [&hellip;]<\/p>\n","protected":false},"author":1,"featured_media":0,"parent":0,"menu_order":0,"comment_status":"closed","ping_status":"closed","template":"","meta":{"footnotes":""},"class_list":["post-805","page","type-page","status-publish","hentry"],"yoast_head":"<!-- This site is optimized with the Yoast SEO plugin v15.4 - https:\/\/yoast.com\/wordpress\/plugins\/seo\/ -->\n<title>Datenschutz - LSR Lufttechnik - Mehr als saubere Luft!<\/title>\n<meta name=\"robots\" content=\"index, follow, max-snippet:-1, max-image-preview:large, max-video-preview:-1\" \/>\n<link rel=\"canonical\" href=\"https:\/\/www.lsr-luft.de\/index.php\/datenschutz\/\" \/>\n<meta property=\"og:locale\" content=\"de_DE\" \/>\n<meta property=\"og:type\" content=\"article\" \/>\n<meta property=\"og:title\" content=\"Datenschutz - LSR Lufttechnik - Mehr als saubere Luft!\" \/>\n<meta property=\"og:description\" content=\"1. Datenschutz auf einen Blick Allgemeine Hinweise Die folgenden Hinweise geben einen einfachen \u00dcberblick dar\u00fcber, was mit Ihren personenbezogenen Daten passiert, wenn Sie diese Website besuchen. Personenbezogene Daten sind alle Daten, mit denen Sie pers\u00f6nlich identifiziert werden k\u00f6nnen. Ausf\u00fchrliche Informationen zum Thema Datenschutz entnehmen Sie unserer unter diesem Text aufgef\u00fchrten Datenschutzerkl\u00e4rung. Datenerfassung auf dieser Website [&hellip;]\" \/>\n<meta property=\"og:url\" content=\"https:\/\/www.lsr-luft.de\/index.php\/datenschutz\/\" \/>\n<meta property=\"og:site_name\" content=\"LSR Lufttechnik - Mehr als saubere Luft!\" \/>\n<meta property=\"article:modified_time\" content=\"2020-12-14T15:07:22+00:00\" \/>\n<meta name=\"twitter:card\" content=\"summary_large_image\" \/>\n<meta name=\"twitter:label1\" content=\"Geschrieben von\">\n\t<meta name=\"twitter:data1\" content=\"admin\">\n\t<meta name=\"twitter:label2\" content=\"Gesch\u00e4tzte Lesezeit\">\n\t<meta name=\"twitter:data2\" content=\"10\u00a0Minuten\">\n<script type=\"application\/ld+json\" class=\"yoast-schema-graph\">{\"@context\":\"https:\/\/schema.org\",\"@graph\":[{\"@type\":\"Organization\",\"@id\":\"https:\/\/www.lsr-luft.de\/#organization\",\"name\":\"L\\u00fcftungs Service Roch KG\",\"url\":\"https:\/\/www.lsr-luft.de\/\",\"sameAs\":[],\"logo\":{\"@type\":\"ImageObject\",\"@id\":\"https:\/\/www.lsr-luft.de\/#logo\",\"inLanguage\":\"de\",\"url\":\"https:\/\/www.lsr-luft.de\/wp-content\/uploads\/2020\/12\/Logo-LSR_only-01.png\",\"width\":7343,\"height\":3239,\"caption\":\"L\\u00fcftungs Service Roch KG\"},\"image\":{\"@id\":\"https:\/\/www.lsr-luft.de\/#logo\"}},{\"@type\":\"WebSite\",\"@id\":\"https:\/\/www.lsr-luft.de\/#website\",\"url\":\"https:\/\/www.lsr-luft.de\/\",\"name\":\"L\\u00fcftungs Service Roch KG\",\"description\":\"L\\u00fcftung | Filtration | SHK\",\"publisher\":{\"@id\":\"https:\/\/www.lsr-luft.de\/#organization\"},\"potentialAction\":[{\"@type\":\"SearchAction\",\"target\":\"https:\/\/www.lsr-luft.de\/?s={search_term_string}\",\"query-input\":\"required name=search_term_string\"}],\"inLanguage\":\"de\"},{\"@type\":\"WebPage\",\"@id\":\"https:\/\/www.lsr-luft.de\/index.php\/datenschutz\/#webpage\",\"url\":\"https:\/\/www.lsr-luft.de\/index.php\/datenschutz\/\",\"name\":\"Datenschutz - LSR Lufttechnik - Mehr als saubere Luft!\",\"isPartOf\":{\"@id\":\"https:\/\/www.lsr-luft.de\/#website\"},\"datePublished\":\"2020-12-11T22:19:46+00:00\",\"dateModified\":\"2020-12-14T15:07:22+00:00\",\"inLanguage\":\"de\",\"potentialAction\":[{\"@type\":\"ReadAction\",\"target\":[\"https:\/\/www.lsr-luft.de\/index.php\/datenschutz\/\"]}]}]}<\/script>\n<!-- \/ Yoast SEO plugin. -->","_links":{"self":[{"href":"https:\/\/www.lsr-luft.de\/index.php\/wp-json\/wp\/v2\/pages\/805","targetHints":{"allow":["GET"]}}],"collection":[{"href":"https:\/\/www.lsr-luft.de\/index.php\/wp-json\/wp\/v2\/pages"}],"about":[{"href":"https:\/\/www.lsr-luft.de\/index.php\/wp-json\/wp\/v2\/types\/page"}],"author":[{"embeddable":true,"href":"https:\/\/www.lsr-luft.de\/index.php\/wp-json\/wp\/v2\/users\/1"}],"replies":[{"embeddable":true,"href":"https:\/\/www.lsr-luft.de\/index.php\/wp-json\/wp\/v2\/comments?post=805"}],"version-history":[{"count":11,"href":"https:\/\/www.lsr-luft.de\/index.php\/wp-json\/wp\/v2\/pages\/805\/revisions"}],"predecessor-version":[{"id":843,"href":"https:\/\/www.lsr-luft.de\/index.php\/wp-json\/wp\/v2\/pages\/805\/revisions\/843"}],"wp:attachment":[{"href":"https:\/\/www.lsr-luft.de\/index.php\/wp-json\/wp\/v2\/media?parent=805"}],"curies":[{"name":"wp","href":"https:\/\/api.w.org\/{rel}","templated":true}]}}