{"id":898,"date":"2021-01-06T12:54:45","date_gmt":"2021-01-06T11:54:45","guid":{"rendered":"http:\/\/demo.lsroch.com\/?page_id=898"},"modified":"2026-03-26T11:31:28","modified_gmt":"2026-03-26T10:31:28","slug":"elementor-898","status":"publish","type":"page","link":"https:\/\/www.lsr-luft.de\/index.php\/elementor-898\/","title":{"rendered":"\u00dcber uns"},"content":{"rendered":"\t\t<div data-elementor-type=\"wp-page\" data-elementor-id=\"898\" class=\"elementor elementor-898\" data-elementor-post-type=\"page\">\n\t\t\t\t\t\t<section class=\"elementor-section elementor-top-section elementor-element elementor-element-325448f elementor-section-boxed elementor-section-height-default elementor-section-height-default\" data-id=\"325448f\" data-element_type=\"section\" data-settings=\"{&quot;motion_fx_motion_fx_scrolling&quot;:&quot;yes&quot;,&quot;motion_fx_opacity_effect&quot;:&quot;yes&quot;,&quot;motion_fx_opacity_direction&quot;:&quot;in-out&quot;,&quot;motion_fx_opacity_level&quot;:{&quot;unit&quot;:&quot;px&quot;,&quot;size&quot;:10,&quot;sizes&quot;:[]},&quot;motion_fx_opacity_range&quot;:{&quot;unit&quot;:&quot;%&quot;,&quot;size&quot;:&quot;&quot;,&quot;sizes&quot;:{&quot;start&quot;:20,&quot;end&quot;:80}},&quot;motion_fx_devices&quot;:[&quot;desktop&quot;,&quot;tablet&quot;,&quot;mobile&quot;]}\">\n\t\t\t\t\t\t<div class=\"elementor-container elementor-column-gap-default\">\n\t\t\t\t\t<div class=\"elementor-column elementor-col-100 elementor-top-column elementor-element elementor-element-ebaf748\" data-id=\"ebaf748\" data-element_type=\"column\">\n\t\t\t<div class=\"elementor-widget-wrap elementor-element-populated\">\n\t\t\t\t\t\t<div class=\"elementor-element elementor-element-2129176 elementor-widget elementor-widget-image\" data-id=\"2129176\" data-element_type=\"widget\" data-widget_type=\"image.default\">\n\t\t\t\t<div class=\"elementor-widget-container\">\n\t\t\t\t\t\t\t\t\t\t\t\t\t<img decoding=\"async\" width=\"294\" height=\"159\" src=\"https:\/\/www.lsr-luft.de\/wp-content\/uploads\/2023\/08\/Logo_LSR_neu_v7_Messe.jpg\" class=\"attachment-large size-large wp-image-1016\" alt=\"\" \/>\t\t\t\t\t\t\t\t\t\t\t\t\t<\/div>\n\t\t\t\t<\/div>\n\t\t\t\t\t<\/div>\n\t\t<\/div>\n\t\t\t\t\t<\/div>\n\t\t<\/section>\n\t\t\t\t<section class=\"elementor-section elementor-top-section elementor-element elementor-element-795c3fe elementor-section-boxed elementor-section-height-default elementor-section-height-default\" data-id=\"795c3fe\" data-element_type=\"section\">\n\t\t\t\t\t\t<div class=\"elementor-container elementor-column-gap-default\">\n\t\t\t\t\t<div class=\"elementor-column elementor-col-100 elementor-top-column elementor-element elementor-element-a6aaa37\" data-id=\"a6aaa37\" data-element_type=\"column\">\n\t\t\t<div class=\"elementor-widget-wrap elementor-element-populated\">\n\t\t\t\t\t\t<section class=\"elementor-section elementor-inner-section elementor-element elementor-element-2566fac elementor-section-boxed elementor-section-height-default elementor-section-height-default\" data-id=\"2566fac\" data-element_type=\"section\">\n\t\t\t\t\t\t<div class=\"elementor-container elementor-column-gap-default\">\n\t\t\t\t\t<div class=\"elementor-column elementor-col-50 elementor-inner-column elementor-element elementor-element-b80f70e\" data-id=\"b80f70e\" data-element_type=\"column\">\n\t\t\t<div class=\"elementor-widget-wrap elementor-element-populated\">\n\t\t\t\t\t\t<div class=\"elementor-element elementor-element-17c09be elementor-widget elementor-widget-text-editor\" data-id=\"17c09be\" data-element_type=\"widget\" data-widget_type=\"text-editor.default\">\n\t\t\t\t<div class=\"elementor-widget-container\">\n\t\t\t\t\t\t\t<p>Unser Unternehmen mit Sitz in Neumarkt i. d. Oberpfalz befasst sich seit der Gr\u00fcndung mit dem Anlagenbau im Bereich der L\u00fcftungstechnik.<\/p><p>Neben der Auslegung und Installation von Filtrationsanlagen bis hin zu komplexen raumlufttechnischen Anlagen haben wir \u00fcber die Jahre unser Know-How stetig erweitert. Seit Jahren begleiten wir unsere Kunden mit der Konzeption und Durchf\u00fchrung individueller L\u00f6sungen.<\/p><p>Wir bieten Ihnen die Wartung und Reinigung von Anlagen f\u00fcr die Luftreinhaltung sowie Raumlufttechnischen-Anlagen. Mit professioneller Ausr\u00fcstung reinigen wir Ihre Filtereinheiten, z.B. Elektrofilter und erh\u00f6hen so deren Lebensdauer. Mit unserer Erfahrung und unserem geschulten Personal sind wir in der Lage, jegliche L\u00fcftungsanlagen zu warten und reinigen.<\/p><p>Durch Zertifikatsschulungen der T\u00dcV-Akademie k\u00f6nnen wir Brandschutzklappen sowie Rauch- und W\u00e4rmeabzugsanlagen gem\u00e4\u00df den gesetzlichen Vorschriften pr\u00fcfen.<\/p><p>Wo viele Menschen zusammentreffen, ist gutes Raumklima unverzichtbar \u2013 nicht zuletzt fu\u0308r die Gesundheit und die Leistungsfa\u0308higkeit jedes Einzelnen.<\/p>\t\t\t\t\t\t<\/div>\n\t\t\t\t<\/div>\n\t\t\t\t\t<\/div>\n\t\t<\/div>\n\t\t\t\t<div class=\"elementor-column elementor-col-50 elementor-inner-column elementor-element elementor-element-3b91173\" data-id=\"3b91173\" data-element_type=\"column\">\n\t\t\t<div class=\"elementor-widget-wrap elementor-element-populated\">\n\t\t\t\t\t\t<div class=\"elementor-element elementor-element-3bc846b elementor-widget elementor-widget-text-editor\" data-id=\"3bc846b\" data-element_type=\"widget\" data-widget_type=\"text-editor.default\">\n\t\t\t\t<div class=\"elementor-widget-container\">\n\t\t\t\t\t\t\t<p><strong>\u00a0 \u00a0 \u00a0 \u00a0 \u00a0<\/strong><span style=\"text-decoration: underline;\"><strong>M<\/strong><b>eilensteine<\/b><\/span><\/p><div>\u00a0<\/div><div><ul><li>2019 \u2013 Gr\u00fcndung einer KG unter dem Namen <strong>L\u00fcftungs Service Roch KG<\/strong><\/li><li>2020 \u2013 Bezug der Gesch\u00e4ftsr\u00e4ume &#8211; Am Umspannwerk 1<\/li><li>2020 \u2013 Fertigung elektrostatischer Filteranlagen unter eigenem Namen<\/li><li>2026 &#8211; Umzug in die neuen Gesch\u00e4ftsr\u00e4ume &#8211;\u00a0 \u00a0 \u00a0 \u00a0 \u00a0 \u00a0 Im Zwiesel 4, 92318 Neumarkt<\/li><li>2026 &#8211; Umfirmierung zu <strong>\u00a0 \u00a0 \u00a0 \u00a0 \u00a0 \u00a0 \u00a0 \u00a0 \u00a0 \u00a0 \u00a0 \u00a0 \u00a0 \u00a0 \u00a0 \u00a0 \u00a0 \u00a0 \u00a0 \u00a0 \u00a0 \u00a0 \u00a0 \u00a0LSR Lufttechnik KG<\/strong><\/li><\/ul><\/div>\t\t\t\t\t\t<\/div>\n\t\t\t\t<\/div>\n\t\t\t\t\t<\/div>\n\t\t<\/div>\n\t\t\t\t\t<\/div>\n\t\t<\/section>\n\t\t\t\t\t<\/div>\n\t\t<\/div>\n\t\t\t\t\t<\/div>\n\t\t<\/section>\n\t\t\t\t<\/div>\n\t\t","protected":false},"excerpt":{"rendered":"<p>Unser Unternehmen mit Sitz in Neumarkt i. d. Oberpfalz befasst sich seit der Gr\u00fcndung mit dem Anlagenbau im Bereich der L\u00fcftungstechnik. Neben der Auslegung und Installation von Filtrationsanlagen bis hin zu komplexen raumlufttechnischen Anlagen haben wir \u00fcber die Jahre unser Know-How stetig erweitert. Seit Jahren begleiten wir unsere Kunden mit der Konzeption und Durchf\u00fchrung individueller [&hellip;]<\/p>\n","protected":false},"author":1,"featured_media":0,"parent":0,"menu_order":0,"comment_status":"closed","ping_status":"closed","template":"","meta":{"footnotes":""},"class_list":["post-898","page","type-page","status-publish","hentry"],"yoast_head":"<!-- This site is optimized with the Yoast SEO plugin v15.4 - https:\/\/yoast.com\/wordpress\/plugins\/seo\/ -->\n<title>\u00dcber uns - LSR Lufttechnik - Mehr als saubere Luft!<\/title>\n<meta name=\"robots\" content=\"index, follow, max-snippet:-1, max-image-preview:large, max-video-preview:-1\" \/>\n<link rel=\"canonical\" href=\"https:\/\/www.lsr-luft.de\/index.php\/elementor-898\/\" \/>\n<meta property=\"og:locale\" content=\"de_DE\" \/>\n<meta property=\"og:type\" content=\"article\" \/>\n<meta property=\"og:title\" content=\"\u00dcber uns - LSR Lufttechnik - Mehr als saubere Luft!\" \/>\n<meta property=\"og:description\" content=\"Unser Unternehmen mit Sitz in Neumarkt i. d. Oberpfalz befasst sich seit der Gr\u00fcndung mit dem Anlagenbau im Bereich der L\u00fcftungstechnik. Neben der Auslegung und Installation von Filtrationsanlagen bis hin zu komplexen raumlufttechnischen Anlagen haben wir \u00fcber die Jahre unser Know-How stetig erweitert. Seit Jahren begleiten wir unsere Kunden mit der Konzeption und Durchf\u00fchrung individueller [&hellip;]\" \/>\n<meta property=\"og:url\" content=\"https:\/\/www.lsr-luft.de\/index.php\/elementor-898\/\" \/>\n<meta property=\"og:site_name\" content=\"LSR Lufttechnik - Mehr als saubere Luft!\" \/>\n<meta property=\"article:modified_time\" content=\"2026-03-26T10:31:28+00:00\" \/>\n<meta property=\"og:image\" content=\"https:\/\/www.lsr-luft.de\/wp-content\/uploads\/2023\/08\/Logo_LSR_neu_v7_Messe.jpg\" \/>\n<meta name=\"twitter:card\" content=\"summary_large_image\" \/>\n<meta name=\"twitter:label1\" content=\"Geschrieben von\">\n\t<meta name=\"twitter:data1\" content=\"admin\">\n\t<meta name=\"twitter:label2\" content=\"Gesch\u00e4tzte Lesezeit\">\n\t<meta name=\"twitter:data2\" content=\"1\u00a0Minute\">\n<script type=\"application\/ld+json\" class=\"yoast-schema-graph\">{\"@context\":\"https:\/\/schema.org\",\"@graph\":[{\"@type\":\"Organization\",\"@id\":\"https:\/\/www.lsr-luft.de\/#organization\",\"name\":\"L\\u00fcftungs Service Roch KG\",\"url\":\"https:\/\/www.lsr-luft.de\/\",\"sameAs\":[],\"logo\":{\"@type\":\"ImageObject\",\"@id\":\"https:\/\/www.lsr-luft.de\/#logo\",\"inLanguage\":\"de\",\"url\":\"https:\/\/www.lsr-luft.de\/wp-content\/uploads\/2020\/12\/Logo-LSR_only-01.png\",\"width\":7343,\"height\":3239,\"caption\":\"L\\u00fcftungs Service Roch KG\"},\"image\":{\"@id\":\"https:\/\/www.lsr-luft.de\/#logo\"}},{\"@type\":\"WebSite\",\"@id\":\"https:\/\/www.lsr-luft.de\/#website\",\"url\":\"https:\/\/www.lsr-luft.de\/\",\"name\":\"L\\u00fcftungs Service Roch KG\",\"description\":\"L\\u00fcftung | Filtration | SHK\",\"publisher\":{\"@id\":\"https:\/\/www.lsr-luft.de\/#organization\"},\"potentialAction\":[{\"@type\":\"SearchAction\",\"target\":\"https:\/\/www.lsr-luft.de\/?s={search_term_string}\",\"query-input\":\"required name=search_term_string\"}],\"inLanguage\":\"de\"},{\"@type\":\"ImageObject\",\"@id\":\"https:\/\/www.lsr-luft.de\/index.php\/elementor-898\/#primaryimage\",\"inLanguage\":\"de\",\"url\":\"https:\/\/www.lsr-luft.de\/wp-content\/uploads\/2023\/08\/Logo_LSR_neu_v7_Messe.jpg\",\"width\":294,\"height\":159,\"caption\":\"MEA-Filtration,Elektrostatfilter,Elektrofilter\"},{\"@type\":[\"WebPage\",\"AboutPage\"],\"@id\":\"https:\/\/www.lsr-luft.de\/index.php\/elementor-898\/#webpage\",\"url\":\"https:\/\/www.lsr-luft.de\/index.php\/elementor-898\/\",\"name\":\"\\u00dcber uns - LSR Lufttechnik - Mehr als saubere Luft!\",\"isPartOf\":{\"@id\":\"https:\/\/www.lsr-luft.de\/#website\"},\"primaryImageOfPage\":{\"@id\":\"https:\/\/www.lsr-luft.de\/index.php\/elementor-898\/#primaryimage\"},\"datePublished\":\"2021-01-06T11:54:45+00:00\",\"dateModified\":\"2026-03-26T10:31:28+00:00\",\"inLanguage\":\"de\",\"potentialAction\":[{\"@type\":\"ReadAction\",\"target\":[\"https:\/\/www.lsr-luft.de\/index.php\/elementor-898\/\"]}]}]}<\/script>\n<!-- \/ Yoast SEO plugin. -->","_links":{"self":[{"href":"https:\/\/www.lsr-luft.de\/index.php\/wp-json\/wp\/v2\/pages\/898","targetHints":{"allow":["GET"]}}],"collection":[{"href":"https:\/\/www.lsr-luft.de\/index.php\/wp-json\/wp\/v2\/pages"}],"about":[{"href":"https:\/\/www.lsr-luft.de\/index.php\/wp-json\/wp\/v2\/types\/page"}],"author":[{"embeddable":true,"href":"https:\/\/www.lsr-luft.de\/index.php\/wp-json\/wp\/v2\/users\/1"}],"replies":[{"embeddable":true,"href":"https:\/\/www.lsr-luft.de\/index.php\/wp-json\/wp\/v2\/comments?post=898"}],"version-history":[{"count":40,"href":"https:\/\/www.lsr-luft.de\/index.php\/wp-json\/wp\/v2\/pages\/898\/revisions"}],"predecessor-version":[{"id":1058,"href":"https:\/\/www.lsr-luft.de\/index.php\/wp-json\/wp\/v2\/pages\/898\/revisions\/1058"}],"wp:attachment":[{"href":"https:\/\/www.lsr-luft.de\/index.php\/wp-json\/wp\/v2\/media?parent=898"}],"curies":[{"name":"wp","href":"https:\/\/api.w.org\/{rel}","templated":true}]}}