{"id":916,"date":"2021-01-06T13:21:31","date_gmt":"2021-01-06T12:21:31","guid":{"rendered":"http:\/\/demo.lsroch.com\/?page_id=916"},"modified":"2026-03-26T11:33:36","modified_gmt":"2026-03-26T10:33:36","slug":"impressum","status":"publish","type":"page","link":"https:\/\/www.lsr-luft.de\/index.php\/impressum\/","title":{"rendered":"Impressum"},"content":{"rendered":"\t\t<div data-elementor-type=\"wp-page\" data-elementor-id=\"916\" class=\"elementor elementor-916\" data-elementor-post-type=\"page\">\n\t\t\t\t\t\t<section class=\"elementor-section elementor-top-section elementor-element elementor-element-a0fd84a elementor-section-boxed elementor-section-height-default elementor-section-height-default\" data-id=\"a0fd84a\" data-element_type=\"section\">\n\t\t\t\t\t\t<div class=\"elementor-container elementor-column-gap-default\">\n\t\t\t\t\t<div class=\"elementor-column elementor-col-100 elementor-top-column elementor-element elementor-element-3f9640b\" data-id=\"3f9640b\" data-element_type=\"column\">\n\t\t\t<div class=\"elementor-widget-wrap elementor-element-populated\">\n\t\t\t\t\t\t<div class=\"elementor-element elementor-element-c571660 elementor-widget elementor-widget-text-editor\" data-id=\"c571660\" data-element_type=\"widget\" data-widget_type=\"text-editor.default\">\n\t\t\t\t<div class=\"elementor-widget-container\">\n\t\t\t\t\t\t\t<p style=\"text-align: center;\"><span style=\"font-size: 16pt;\">Angaben gem\u00e4\u00df \u00a7 5 TMG<br \/><\/span>LSR Lufttechnik KG<br \/>Im Zwiesel 4<br \/>92318 Neumarkt<br \/>Handelsregister: HRA 18634<br \/>Registergericht: Amtsgericht N\u00fcrnberg<br \/><span style=\"font-size: 10pt;\">Vertreten durch:<br \/><\/span>Benjamin R\u00fchl<br \/><span style=\"font-size: 16pt;\"><br \/><\/span><\/p><p style=\"text-align: center;\"><span style=\"font-size: 16pt;\">Kontakt<br \/><\/span>Telefon: +49 (0) 9187 \/ 706 95 60<br \/>Telefax: +49 (0) 9187 \/ 706 95 69<br \/>E-Mail: info@LSR-Luft.de<br \/><span style=\"font-size: 16pt;\"><br \/><\/span><\/p><p style=\"text-align: center;\"><span style=\"font-size: 16pt;\">Umsatzsteuer-ID<br \/><\/span>Umsatzsteuer-Identifikationsnummer gem\u00e4\u00df \u00a727 a Umsatzsteuergesetz:<br \/>DE324989486<br \/><span style=\"font-size: 16pt;\"><br \/><\/span><\/p><p style=\"text-align: center;\"><span style=\"font-size: 16pt;\">Streitschlichtung<br \/><\/span>Die Europ\u00e4ische Kommission stellt eine Plattform zur Online-Streitbeilegung (OS) bereit:<br \/><span style=\"color: #0000ff;\">https:\/\/ec.europa.eu\/consumers\/odr<\/span>.<br \/>Unsere E-Mail-Adresse finden Sie oben im Impressum.<br \/>Wir sind nicht bereit oder verpflichtet, an Streitbeilegungsverfahren vor einer<br \/>Verbraucherschlichtungsstelle teilzunehmen.<br \/><span style=\"font-size: 12pt;\"><br \/><\/span><\/p><p style=\"text-align: center;\"><span style=\"font-size: 12pt;\">Haftung f\u00fcr Inhalte<br \/><\/span>Als Diensteanbieter sind wir gem\u00e4\u00df \u00a7 7 Abs.1 TMG f\u00fcr eigene Inhalte auf diesen Seiten nach den<br \/>allgemeinen Gesetzen verantwortlich. Nach \u00a7\u00a7 8 bis 10 TMG sind wir als Diensteanbieter jedoch nicht<br \/>verpflichtet, \u00fcbermittelte oder gespeicherte fremde Informationen zu \u00fcberwachen oder nach Umst\u00e4nden zu<br \/>forschen, die auf eine rechtswidrige T\u00e4tigkeit hinweisen.<br \/>Verpflichtungen zur Entfernung oder Sperrung der Nutzung von Informationen nach den allgemeinen<br \/>Gesetzen bleiben hiervon unber\u00fchrt. Eine diesbez\u00fcgliche Haftung ist jedoch erst ab dem Zeitpunkt der<br \/>Kenntnis einer konkreten Rechtsverletzung m\u00f6glich. Bei Bekanntwerden von entsprechenden<br \/>Rechtsverletzungen werden wir diese Inhalte umgehend entfernen.<br \/><span style=\"font-size: 12pt;\"><br \/><\/span><\/p><p style=\"text-align: center;\"><span style=\"font-size: 12pt;\">Haftung f\u00fcr Links<br \/><\/span>Unser Angebot enth\u00e4lt Links zu externen Websites Dritter, auf deren Inhalte wir keinen Einfluss haben.<br \/>Deshalb k\u00f6nnen wir f\u00fcr diese fremden Inhalte auch keine Gew\u00e4hr \u00fcbernehmen. F\u00fcr die Inhalte der<br \/>verlinkten Seiten ist stets der jeweilige Anbieter oder Betreiber der Seiten verantwortlich. Die verlinkten<br \/>Seiten wurden zum Zeitpunkt der Verlinkung auf m\u00f6gliche Rechtsverst\u00f6\u00dfe \u00fcberpr\u00fcft. Rechtswidrige Inhalte<br \/>waren zum Zeitpunkt der Verlinkung nicht erkennbar.<br \/>Eine permanente inhaltliche Kontrolle der verlinkten Seiten ist jedoch ohne konkrete Anhaltspunkte einer<br \/>Rechtsverletzung nicht zumutbar. Bei Bekanntwerden von Rechtsverletzungen werden wir derartige Links<br \/>umgehend entfernen.<br \/><span style=\"font-size: 12pt;\"><br \/><\/span><\/p><p style=\"text-align: center;\"><span style=\"font-size: 12pt;\">Urheberrecht<br \/><\/span>Die durch die Seitenbetreiber erstellten Inhalte und Werke auf diesen Seiten unterliegen dem deutschen<br \/>Urheberrecht. Die Vervielf\u00e4ltigung, Bearbeitung, Verbreitung und jede Art der Verwertung au\u00dferhalb der<br \/>Grenzen des Urheberrechtes bed\u00fcrfen der schriftlichen Zustimmung des jeweiligen Autors bzw. Erstellers.<br \/>Downloads und Kopien dieser Seite sind nur f\u00fcr den privaten, nicht kommerziellen Gebrauch gestattet.<br \/>Soweit die Inhalte auf dieser Seite nicht vom Betreiber erstellt wurden, werden die Urheberrechte Dritter<br \/>beachtet. Insbesondere werden Inhalte Dritter als solche gekennzeichnet. Sollten Sie trotzdem auf eine<br \/>Urheberrechtsverletzung aufmerksam werden, bitten wir um einen entsprechenden Hinweis. Bei<br \/>Bekanntwerden von Rechtsverletzungen werden wir derartige Inhalte umgehend entfernen.<br \/>Quelle:<br \/><span style=\"color: #0000ff;\">https:\/\/www.e-recht24.de\/impressum-generator.html<\/span><\/p>\t\t\t\t\t\t<\/div>\n\t\t\t\t<\/div>\n\t\t\t\t\t<\/div>\n\t\t<\/div>\n\t\t\t\t\t<\/div>\n\t\t<\/section>\n\t\t\t\t<\/div>\n\t\t","protected":false},"excerpt":{"rendered":"<p>Angaben gem\u00e4\u00df \u00a7 5 TMGLSR Lufttechnik KGIm Zwiesel 492318 NeumarktHandelsregister: HRA 18634Registergericht: Amtsgericht N\u00fcrnbergVertreten durch:Benjamin R\u00fchl KontaktTelefon: +49 (0) 9187 \/ 706 95 60Telefax: +49 (0) 9187 \/ 706 95 69E-Mail: info@LSR-Luft.de Umsatzsteuer-IDUmsatzsteuer-Identifikationsnummer gem\u00e4\u00df \u00a727 a Umsatzsteuergesetz:DE324989486 StreitschlichtungDie Europ\u00e4ische Kommission stellt eine Plattform zur Online-Streitbeilegung (OS) bereit:https:\/\/ec.europa.eu\/consumers\/odr.Unsere E-Mail-Adresse finden Sie oben im Impressum.Wir sind nicht [&hellip;]<\/p>\n","protected":false},"author":1,"featured_media":0,"parent":0,"menu_order":0,"comment_status":"closed","ping_status":"closed","template":"","meta":{"footnotes":""},"class_list":["post-916","page","type-page","status-publish","hentry"],"yoast_head":"<!-- This site is optimized with the Yoast SEO plugin v15.4 - https:\/\/yoast.com\/wordpress\/plugins\/seo\/ -->\n<title>Impressum - LSR Lufttechnik - Mehr als saubere Luft!<\/title>\n<meta name=\"robots\" content=\"index, follow, max-snippet:-1, max-image-preview:large, max-video-preview:-1\" \/>\n<link rel=\"canonical\" href=\"https:\/\/www.lsr-luft.de\/index.php\/impressum\/\" \/>\n<meta property=\"og:locale\" content=\"de_DE\" \/>\n<meta property=\"og:type\" content=\"article\" \/>\n<meta property=\"og:title\" content=\"Impressum - LSR Lufttechnik - Mehr als saubere Luft!\" \/>\n<meta property=\"og:description\" content=\"Angaben gem\u00e4\u00df \u00a7 5 TMGLSR Lufttechnik KGIm Zwiesel 492318 NeumarktHandelsregister: HRA 18634Registergericht: Amtsgericht N\u00fcrnbergVertreten durch:Benjamin R\u00fchl KontaktTelefon: +49 (0) 9187 \/ 706 95 60Telefax: +49 (0) 9187 \/ 706 95 69E-Mail: info@LSR-Luft.de Umsatzsteuer-IDUmsatzsteuer-Identifikationsnummer gem\u00e4\u00df \u00a727 a Umsatzsteuergesetz:DE324989486 StreitschlichtungDie Europ\u00e4ische Kommission stellt eine Plattform zur Online-Streitbeilegung (OS) bereit:https:\/\/ec.europa.eu\/consumers\/odr.Unsere E-Mail-Adresse finden Sie oben im Impressum.Wir sind nicht [&hellip;]\" \/>\n<meta property=\"og:url\" content=\"https:\/\/www.lsr-luft.de\/index.php\/impressum\/\" \/>\n<meta property=\"og:site_name\" content=\"LSR Lufttechnik - Mehr als saubere Luft!\" \/>\n<meta property=\"article:modified_time\" content=\"2026-03-26T10:33:36+00:00\" \/>\n<meta name=\"twitter:card\" content=\"summary_large_image\" \/>\n<meta name=\"twitter:label1\" content=\"Geschrieben von\">\n\t<meta name=\"twitter:data1\" content=\"admin\">\n\t<meta name=\"twitter:label2\" content=\"Gesch\u00e4tzte Lesezeit\">\n\t<meta name=\"twitter:data2\" content=\"1\u00a0Minute\">\n<script type=\"application\/ld+json\" class=\"yoast-schema-graph\">{\"@context\":\"https:\/\/schema.org\",\"@graph\":[{\"@type\":\"Organization\",\"@id\":\"https:\/\/www.lsr-luft.de\/#organization\",\"name\":\"L\\u00fcftungs Service Roch KG\",\"url\":\"https:\/\/www.lsr-luft.de\/\",\"sameAs\":[],\"logo\":{\"@type\":\"ImageObject\",\"@id\":\"https:\/\/www.lsr-luft.de\/#logo\",\"inLanguage\":\"de\",\"url\":\"https:\/\/www.lsr-luft.de\/wp-content\/uploads\/2020\/12\/Logo-LSR_only-01.png\",\"width\":7343,\"height\":3239,\"caption\":\"L\\u00fcftungs Service Roch KG\"},\"image\":{\"@id\":\"https:\/\/www.lsr-luft.de\/#logo\"}},{\"@type\":\"WebSite\",\"@id\":\"https:\/\/www.lsr-luft.de\/#website\",\"url\":\"https:\/\/www.lsr-luft.de\/\",\"name\":\"L\\u00fcftungs Service Roch KG\",\"description\":\"L\\u00fcftung | Filtration | SHK\",\"publisher\":{\"@id\":\"https:\/\/www.lsr-luft.de\/#organization\"},\"potentialAction\":[{\"@type\":\"SearchAction\",\"target\":\"https:\/\/www.lsr-luft.de\/?s={search_term_string}\",\"query-input\":\"required name=search_term_string\"}],\"inLanguage\":\"de\"},{\"@type\":\"WebPage\",\"@id\":\"https:\/\/www.lsr-luft.de\/index.php\/impressum\/#webpage\",\"url\":\"https:\/\/www.lsr-luft.de\/index.php\/impressum\/\",\"name\":\"Impressum - LSR Lufttechnik - Mehr als saubere Luft!\",\"isPartOf\":{\"@id\":\"https:\/\/www.lsr-luft.de\/#website\"},\"datePublished\":\"2021-01-06T12:21:31+00:00\",\"dateModified\":\"2026-03-26T10:33:36+00:00\",\"inLanguage\":\"de\",\"potentialAction\":[{\"@type\":\"ReadAction\",\"target\":[\"https:\/\/www.lsr-luft.de\/index.php\/impressum\/\"]}]}]}<\/script>\n<!-- \/ Yoast SEO plugin. -->","_links":{"self":[{"href":"https:\/\/www.lsr-luft.de\/index.php\/wp-json\/wp\/v2\/pages\/916","targetHints":{"allow":["GET"]}}],"collection":[{"href":"https:\/\/www.lsr-luft.de\/index.php\/wp-json\/wp\/v2\/pages"}],"about":[{"href":"https:\/\/www.lsr-luft.de\/index.php\/wp-json\/wp\/v2\/types\/page"}],"author":[{"embeddable":true,"href":"https:\/\/www.lsr-luft.de\/index.php\/wp-json\/wp\/v2\/users\/1"}],"replies":[{"embeddable":true,"href":"https:\/\/www.lsr-luft.de\/index.php\/wp-json\/wp\/v2\/comments?post=916"}],"version-history":[{"count":11,"href":"https:\/\/www.lsr-luft.de\/index.php\/wp-json\/wp\/v2\/pages\/916\/revisions"}],"predecessor-version":[{"id":1064,"href":"https:\/\/www.lsr-luft.de\/index.php\/wp-json\/wp\/v2\/pages\/916\/revisions\/1064"}],"wp:attachment":[{"href":"https:\/\/www.lsr-luft.de\/index.php\/wp-json\/wp\/v2\/media?parent=916"}],"curies":[{"name":"wp","href":"https:\/\/api.w.org\/{rel}","templated":true}]}}