{"id":943,"date":"2021-01-20T23:59:32","date_gmt":"2021-01-20T22:59:32","guid":{"rendered":"http:\/\/demo.lsroch.com\/?page_id=943"},"modified":"2023-08-10T16:40:04","modified_gmt":"2023-08-10T14:40:04","slug":"filtration","status":"publish","type":"page","link":"https:\/\/www.lsr-luft.de\/index.php\/filtration\/","title":{"rendered":""},"content":{"rendered":"\t\t<div data-elementor-type=\"wp-page\" data-elementor-id=\"943\" class=\"elementor elementor-943\" data-elementor-post-type=\"page\">\n\t\t\t\t\t\t<section class=\"elementor-section elementor-top-section elementor-element elementor-element-a5747d3 elementor-section-boxed elementor-section-height-default elementor-section-height-default\" data-id=\"a5747d3\" data-element_type=\"section\">\n\t\t\t\t\t\t<div class=\"elementor-container elementor-column-gap-default\">\n\t\t\t\t\t<div class=\"elementor-column elementor-col-100 elementor-top-column elementor-element elementor-element-b71c5dc\" data-id=\"b71c5dc\" data-element_type=\"column\">\n\t\t\t<div class=\"elementor-widget-wrap elementor-element-populated\">\n\t\t\t\t\t\t<section class=\"elementor-section elementor-inner-section elementor-element elementor-element-b498bfe elementor-section-boxed elementor-section-height-default elementor-section-height-default\" data-id=\"b498bfe\" data-element_type=\"section\">\n\t\t\t\t\t\t<div class=\"elementor-container elementor-column-gap-default\">\n\t\t\t\t\t<div class=\"elementor-column elementor-col-50 elementor-inner-column elementor-element elementor-element-dd362b4\" data-id=\"dd362b4\" data-element_type=\"column\">\n\t\t\t<div class=\"elementor-widget-wrap elementor-element-populated\">\n\t\t\t\t\t\t<div class=\"elementor-element elementor-element-cc4cf8a elementor-widget elementor-widget-text-editor\" data-id=\"cc4cf8a\" data-element_type=\"widget\" data-widget_type=\"text-editor.default\">\n\t\t\t\t<div class=\"elementor-widget-container\">\n\t\t\t\t\t\t\t<p><strong>Saubere Luft \u2013 wichtig f\u00fcr Ihre Gesundheit und die Qualit\u00e4t Ihrer Produkte<\/strong><\/p><p>Bei vielen industriellen Fertigungsprozessen ist es unvermeidbar, dass Schadstoffe in die Hallenluft abgegeben werden. Diese Schadstoffe belasten als Aerosole in Form von Nebel, Rauch und Staub die Gesundheit Ihrer Mitarbeiter, Ihre Bearbeitungsmaschinen, Fertigungsst\u00e4tten und folgend auch die Qualit\u00e4t Ihrer Produkte.<br \/>Zur effektiven Abscheidung dieser Schadstoffe bieten wir Ihnen eine umfassende L\u00f6sung, die Ihre Anforderungen und W\u00fcnsche ber\u00fccksichtigt.<\/p><div>\u00a0<\/div>\t\t\t\t\t\t<\/div>\n\t\t\t\t<\/div>\n\t\t\t\t\t<\/div>\n\t\t<\/div>\n\t\t\t\t<div class=\"elementor-column elementor-col-50 elementor-inner-column elementor-element elementor-element-4051ce6\" data-id=\"4051ce6\" data-element_type=\"column\">\n\t\t\t<div class=\"elementor-widget-wrap elementor-element-populated\">\n\t\t\t\t\t\t<div class=\"elementor-element elementor-element-e15ea3f elementor-widget elementor-widget-image\" data-id=\"e15ea3f\" data-element_type=\"widget\" data-widget_type=\"image.default\">\n\t\t\t\t<div class=\"elementor-widget-container\">\n\t\t\t\t\t\t\t\t\t\t\t\t\t<img fetchpriority=\"high\" decoding=\"async\" width=\"1024\" height=\"576\" src=\"https:\/\/www.lsr-luft.de\/wp-content\/uploads\/2021\/01\/imago0102922004h.jpg\" class=\"attachment-large size-large wp-image-955\" alt=\"\" \/>\t\t\t\t\t\t\t\t\t\t\t\t\t<\/div>\n\t\t\t\t<\/div>\n\t\t\t\t<div class=\"elementor-element elementor-element-f613d03 elementor-widget__width-initial elementor-absolute elementor-widget elementor-widget-text-editor\" data-id=\"f613d03\" data-element_type=\"widget\" data-settings=\"{&quot;_position&quot;:&quot;absolute&quot;}\" data-widget_type=\"text-editor.default\">\n\t\t\t\t<div class=\"elementor-widget-container\">\n\t\t\t\t\t\t\t<p>(Foto: imago images\/Science Photo Library)<\/p>\t\t\t\t\t\t<\/div>\n\t\t\t\t<\/div>\n\t\t\t\t\t<\/div>\n\t\t<\/div>\n\t\t\t\t\t<\/div>\n\t\t<\/section>\n\t\t\t\t<section class=\"elementor-section elementor-inner-section elementor-element elementor-element-c2b7e28 elementor-section-boxed elementor-section-height-default elementor-section-height-default\" data-id=\"c2b7e28\" data-element_type=\"section\">\n\t\t\t\t\t\t<div class=\"elementor-container elementor-column-gap-default\">\n\t\t\t\t\t<div class=\"elementor-column elementor-col-50 elementor-inner-column elementor-element elementor-element-54d7527\" data-id=\"54d7527\" data-element_type=\"column\">\n\t\t\t<div class=\"elementor-widget-wrap elementor-element-populated\">\n\t\t\t\t\t\t<div class=\"elementor-element elementor-element-389a5a4 elementor-widget elementor-widget-spacer\" data-id=\"389a5a4\" data-element_type=\"widget\" data-widget_type=\"spacer.default\">\n\t\t\t\t<div class=\"elementor-widget-container\">\n\t\t\t\t\t<div class=\"elementor-spacer\">\n\t\t\t<div class=\"elementor-spacer-inner\"><\/div>\n\t\t<\/div>\n\t\t\t\t<\/div>\n\t\t\t\t<\/div>\n\t\t\t\t<div class=\"elementor-element elementor-element-d60aba6 elementor-widget elementor-widget-image\" data-id=\"d60aba6\" data-element_type=\"widget\" data-widget_type=\"image.default\">\n\t\t\t\t<div class=\"elementor-widget-container\">\n\t\t\t\t\t\t\t\t\t\t\t\t\t<img decoding=\"async\" width=\"640\" height=\"427\" src=\"https:\/\/www.lsr-luft.de\/wp-content\/uploads\/2020\/12\/NL-Kuehlschmierstoffe-WP.jpg\" class=\"attachment-large size-large wp-image-888\" alt=\"\" \/>\t\t\t\t\t\t\t\t\t\t\t\t\t<\/div>\n\t\t\t\t<\/div>\n\t\t\t\t\t<\/div>\n\t\t<\/div>\n\t\t\t\t<div class=\"elementor-column elementor-col-50 elementor-inner-column elementor-element elementor-element-4f7a5dc\" data-id=\"4f7a5dc\" data-element_type=\"column\">\n\t\t\t<div class=\"elementor-widget-wrap elementor-element-populated\">\n\t\t\t\t\t\t<div class=\"elementor-element elementor-element-ef1d48e elementor-widget elementor-widget-spacer\" data-id=\"ef1d48e\" data-element_type=\"widget\" data-widget_type=\"spacer.default\">\n\t\t\t\t<div class=\"elementor-widget-container\">\n\t\t\t\t\t<div class=\"elementor-spacer\">\n\t\t\t<div class=\"elementor-spacer-inner\"><\/div>\n\t\t<\/div>\n\t\t\t\t<\/div>\n\t\t\t\t<\/div>\n\t\t\t\t<div class=\"elementor-element elementor-element-9b6f6dd elementor-widget elementor-widget-text-editor\" data-id=\"9b6f6dd\" data-element_type=\"widget\" data-widget_type=\"text-editor.default\">\n\t\t\t\t<div class=\"elementor-widget-container\">\n\t\t\t\t\t\t\t<p><strong>Typische Anwendungen f\u00fcr unsere Produkte sind nachstehend<\/strong><\/p><p>Absaugung und Abscheidung<\/p><p>&#8211; von K\u00fchlschmierstoffaerosole (KSS), wie z.B \u00d6lnebel, Emulsionsnebel und \u00d6lrauch, insbesondere bei der metallbearbeitenden und -verarbeitenden Industrie.<\/p><p>&#8211; von Weichmacherd\u00e4mpfen und Rauch in der Kunststoffindustrie (Extrusionsanlagen, Kalander)<\/p><p>&#8211; von \u00d6lnebel und Rauch aus H\u00e4rtereien, Temper\u00f6fen und Schraubenpressen.<\/p>\t\t\t\t\t\t<\/div>\n\t\t\t\t<\/div>\n\t\t\t\t\t<\/div>\n\t\t<\/div>\n\t\t\t\t\t<\/div>\n\t\t<\/section>\n\t\t\t\t<section class=\"elementor-section elementor-inner-section elementor-element elementor-element-c209c6d elementor-section-boxed elementor-section-height-default elementor-section-height-default\" data-id=\"c209c6d\" data-element_type=\"section\">\n\t\t\t\t\t\t<div class=\"elementor-container elementor-column-gap-default\">\n\t\t\t\t\t<div class=\"elementor-column elementor-col-100 elementor-inner-column elementor-element elementor-element-05d9902\" data-id=\"05d9902\" data-element_type=\"column\">\n\t\t\t<div class=\"elementor-widget-wrap elementor-element-populated\">\n\t\t\t\t\t\t<div class=\"elementor-element elementor-element-5f1be09 elementor-widget elementor-widget-spacer\" data-id=\"5f1be09\" data-element_type=\"widget\" data-widget_type=\"spacer.default\">\n\t\t\t\t<div class=\"elementor-widget-container\">\n\t\t\t\t\t<div class=\"elementor-spacer\">\n\t\t\t<div class=\"elementor-spacer-inner\"><\/div>\n\t\t<\/div>\n\t\t\t\t<\/div>\n\t\t\t\t<\/div>\n\t\t\t\t\t<\/div>\n\t\t<\/div>\n\t\t\t\t\t<\/div>\n\t\t<\/section>\n\t\t\t\t<section class=\"elementor-section elementor-inner-section elementor-element elementor-element-bffd3c0 elementor-section-boxed elementor-section-height-default elementor-section-height-default\" data-id=\"bffd3c0\" data-element_type=\"section\">\n\t\t\t\t\t\t<div class=\"elementor-container elementor-column-gap-default\">\n\t\t\t\t\t<div class=\"elementor-column elementor-col-50 elementor-inner-column elementor-element elementor-element-1ab64e2\" data-id=\"1ab64e2\" data-element_type=\"column\">\n\t\t\t<div class=\"elementor-widget-wrap elementor-element-populated\">\n\t\t\t\t\t\t<div class=\"elementor-element elementor-element-95db623 elementor-widget elementor-widget-text-editor\" data-id=\"95db623\" data-element_type=\"widget\" data-widget_type=\"text-editor.default\">\n\t\t\t\t<div class=\"elementor-widget-container\">\n\t\t\t\t\t\t\t<p><strong>Die L\u00f6sung<\/strong><\/p>\n<p>F\u00fcr eine effektive und zuverl\u00e4ssige Abscheidung dieser luftgetragenen Schadstoffe eignet sich hervorragend unser MEA-Elektrostatisches Filtersystem, sowohl f\u00fcr die Einzel-, Gruppen-, wie auch als Zentralabsaugung, bei Bedarf inkl. W\u00e4rmer\u00fcckgewinnung.<\/p>\n<p>Das LSR-Elektrostatische Filtersystem erreicht Abscheideraten von 96 \u2013 99% und erfasst hierbei auch Feinstpartikel bis zu einer Gr\u00f6\u00dfe von 0,001\u00b5m.<\/p>\n<p><\/p>\t\t\t\t\t\t<\/div>\n\t\t\t\t<\/div>\n\t\t\t\t\t<\/div>\n\t\t<\/div>\n\t\t\t\t<div class=\"elementor-column elementor-col-50 elementor-inner-column elementor-element elementor-element-6266673\" data-id=\"6266673\" data-element_type=\"column\">\n\t\t\t<div class=\"elementor-widget-wrap elementor-element-populated\">\n\t\t\t\t\t\t<div class=\"elementor-element elementor-element-c6890f6 elementor-widget elementor-widget-image\" data-id=\"c6890f6\" data-element_type=\"widget\" data-widget_type=\"image.default\">\n\t\t\t\t<div class=\"elementor-widget-container\">\n\t\t\t\t\t\t\t\t\t\t\t\t\t<img decoding=\"async\" width=\"1024\" height=\"576\" src=\"https:\/\/www.lsr-luft.de\/wp-content\/uploads\/2023\/08\/MEA010S0L400350EC_1.png\" class=\"attachment-large size-large wp-image-1023\" alt=\"\" \/>\t\t\t\t\t\t\t\t\t\t\t\t\t<\/div>\n\t\t\t\t<\/div>\n\t\t\t\t\t<\/div>\n\t\t<\/div>\n\t\t\t\t\t<\/div>\n\t\t<\/section>\n\t\t\t\t<div class=\"elementor-element elementor-element-ceb66dd elementor-widget elementor-widget-spacer\" data-id=\"ceb66dd\" data-element_type=\"widget\" data-widget_type=\"spacer.default\">\n\t\t\t\t<div class=\"elementor-widget-container\">\n\t\t\t\t\t<div class=\"elementor-spacer\">\n\t\t\t<div class=\"elementor-spacer-inner\"><\/div>\n\t\t<\/div>\n\t\t\t\t<\/div>\n\t\t\t\t<\/div>\n\t\t\t\t<div class=\"elementor-element elementor-element-6c37184 elementor-widget elementor-widget-text-editor\" data-id=\"6c37184\" data-element_type=\"widget\" data-widget_type=\"text-editor.default\">\n\t\t\t\t<div class=\"elementor-widget-container\">\n\t\t\t\t\t\t\t<p>Die belastete Luft trifft zun\u00e4chst auf einen mechanischen Vorfilter, der gr\u00f6\u00dfere Schadstoffpartikel abh\u00e4lt und f\u00fcr eine gleichm\u00e4\u00dfige Verteilung des Luftstroms sorgt. <br \/>Dem Vorfilter folgt der so genannte Ionisator (Aufladeeinheit). Hier werden die verbliebenen feinen Schadstoffpartikel durch Elektronen und ionisierte Luftmolek\u00fcle in Sekundenbruchteilen kontinuierlich positiv aufgeladen. <br \/>Der folgend angeordnete Kollektor (Abscheideeinheit) \u00fcbernimmt die eigentliche Reinigung der Luft. Er besteht aus einer Reihe senkrecht angeordneter pos. und neg. Metallplatten, die parallel zum Luftstrom stehen. <br \/>Innerhalb des Kollektors werden die positiv aufgeladene Schadstoffpartikel in einem induzierten elektrischen Feld in Richtung der geerdeten Platte abgelenkt und abgeschieden. <br \/>Die Anordnung der Kollektorplatten gew\u00e4hrleistet ein ausgezeichnetes Ablaufverhalten (Selbstreinigungseffekt) der erfassten Schadstoffe, die \u00fcber einen Siphonablauf einen Sammelbeh\u00e4lter oder bei Bedarf zur Bearbeitungsmaschine <br \/>zur\u00fcckgef\u00fchrt werden k\u00f6nnen.<\/p>\t\t\t\t\t\t<\/div>\n\t\t\t\t<\/div>\n\t\t\t\t<div class=\"elementor-element elementor-element-6dc2279 elementor-widget elementor-widget-image\" data-id=\"6dc2279\" data-element_type=\"widget\" data-widget_type=\"image.default\">\n\t\t\t\t<div class=\"elementor-widget-container\">\n\t\t\t\t\t\t\t\t\t\t\t\t\t<img loading=\"lazy\" decoding=\"async\" width=\"1024\" height=\"427\" src=\"https:\/\/www.lsr-luft.de\/wp-content\/uploads\/2021\/01\/funktionsskizze-elektrofilter.gif\" class=\"attachment-large size-large wp-image-946\" alt=\"\" \/>\t\t\t\t\t\t\t\t\t\t\t\t\t<\/div>\n\t\t\t\t<\/div>\n\t\t\t\t<div class=\"elementor-element elementor-element-e11cd69 elementor-widget elementor-widget-text-editor\" data-id=\"e11cd69\" data-element_type=\"widget\" data-widget_type=\"text-editor.default\">\n\t\t\t\t<div class=\"elementor-widget-container\">\n\t\t\t\t\t\t\t<p>Elektrostatische Filteranlagen zeichnen sich besonders durch einen sehr geringen Druckverlust bei gleichbleibender Absaugleistung gegen\u00fcber mechanischen Filtersystemen aus.<br \/><br \/>Die eingesetzten Filterelemente (Vorfilter, Ionisator, Kollektor) k\u00f6nnen gereinigt und stetig wiederverwendet werden (keine Wegwerfteile).<br \/><br \/><\/p>\t\t\t\t\t\t<\/div>\n\t\t\t\t<\/div>\n\t\t\t\t<div class=\"elementor-element elementor-element-98d3c5e elementor-widget-divider--view-line elementor-widget elementor-widget-divider\" data-id=\"98d3c5e\" data-element_type=\"widget\" data-widget_type=\"divider.default\">\n\t\t\t\t<div class=\"elementor-widget-container\">\n\t\t\t\t\t<div class=\"elementor-divider\">\n\t\t\t<span class=\"elementor-divider-separator\">\n\t\t\t\t\t\t<\/span>\n\t\t<\/div>\n\t\t\t\t<\/div>\n\t\t\t\t<\/div>\n\t\t\t\t<div class=\"elementor-element elementor-element-7de5d91 elementor-widget elementor-widget-text-editor\" data-id=\"7de5d91\" data-element_type=\"widget\" data-widget_type=\"text-editor.default\">\n\t\t\t\t<div class=\"elementor-widget-container\">\n\t\t\t\t\t\t\t<p><strong>Unsere Leistungen<\/strong><\/p><p>Auf Wunsch \u00fcbernehmen wir gerne die Projektierung vom Basisprodukt zum schl\u00fcsselfertigen Absaugsystem.<\/p><p>Unsere Leistungen sind im Einzelnen.<br \/>&#8211;\u00a0\u00a0 \u00a0Engineering (Anlagen- und Rohrleitungsplanung)<br \/>&#8211;\u00a0\u00a0 \u00a0Fertigung kundenspezifischer Filteranlagen <br \/>&#8211;\u00a0\u00a0 \u00a0Installation <br \/>&#8211;\u00a0\u00a0 \u00a0Inbetriebnahme \/ Schulung Ihrer Mitarbeiter<br \/>&#8211;\u00a0\u00a0 \u00a0Reinigung und Wartung Ihrer Filteranlagen (Ultraschallreinigung der Filterelemente)<br \/>&#8211;\u00a0\u00a0 \u00a0Reparaturen und Ersatzteilebevorratung<br \/>&#8211;\u00a0\u00a0 \u00a0Betreuung Ihrer <strong>UAS SMOG HOG<\/strong> und <strong>DUST HOG<\/strong> Luftfilteranlagen<\/p>\t\t\t\t\t\t<\/div>\n\t\t\t\t<\/div>\n\t\t\t\t\t<\/div>\n\t\t<\/div>\n\t\t\t\t\t<\/div>\n\t\t<\/section>\n\t\t\t\t<\/div>\n\t\t","protected":false},"excerpt":{"rendered":"<p>Saubere Luft \u2013 wichtig f\u00fcr Ihre Gesundheit und die Qualit\u00e4t Ihrer Produkte Bei vielen industriellen Fertigungsprozessen ist es unvermeidbar, dass Schadstoffe in die Hallenluft abgegeben werden. Diese Schadstoffe belasten als Aerosole in Form von Nebel, Rauch und Staub die Gesundheit Ihrer Mitarbeiter, Ihre Bearbeitungsmaschinen, Fertigungsst\u00e4tten und folgend auch die Qualit\u00e4t Ihrer Produkte. Zur effektiven Abscheidung [&hellip;]<\/p>\n","protected":false},"author":1,"featured_media":0,"parent":0,"menu_order":0,"comment_status":"closed","ping_status":"closed","template":"","meta":{"footnotes":""},"class_list":["post-943","page","type-page","status-publish","hentry"],"yoast_head":"<!-- This site is optimized with the Yoast SEO plugin v15.4 - https:\/\/yoast.com\/wordpress\/plugins\/seo\/ -->\n<title>- LSR Lufttechnik - Mehr als saubere Luft!<\/title>\n<meta name=\"robots\" content=\"index, follow, max-snippet:-1, max-image-preview:large, max-video-preview:-1\" \/>\n<link rel=\"canonical\" href=\"https:\/\/www.lsr-luft.de\/index.php\/filtration\/\" \/>\n<meta property=\"og:locale\" content=\"de_DE\" \/>\n<meta property=\"og:type\" content=\"article\" \/>\n<meta property=\"og:title\" content=\"- LSR Lufttechnik - Mehr als saubere Luft!\" \/>\n<meta property=\"og:description\" content=\"Saubere Luft \u2013 wichtig f\u00fcr Ihre Gesundheit und die Qualit\u00e4t Ihrer Produkte Bei vielen industriellen Fertigungsprozessen ist es unvermeidbar, dass Schadstoffe in die Hallenluft abgegeben werden. Diese Schadstoffe belasten als Aerosole in Form von Nebel, Rauch und Staub die Gesundheit Ihrer Mitarbeiter, Ihre Bearbeitungsmaschinen, Fertigungsst\u00e4tten und folgend auch die Qualit\u00e4t Ihrer Produkte. Zur effektiven Abscheidung [&hellip;]\" \/>\n<meta property=\"og:url\" content=\"https:\/\/www.lsr-luft.de\/index.php\/filtration\/\" \/>\n<meta property=\"og:site_name\" content=\"LSR Lufttechnik - Mehr als saubere Luft!\" \/>\n<meta property=\"article:modified_time\" content=\"2023-08-10T14:40:04+00:00\" \/>\n<meta property=\"og:image\" content=\"https:\/\/www.lsr-luft.de\/wp-content\/uploads\/2021\/01\/imago0102922004h.jpg\" \/>\n<meta name=\"twitter:card\" content=\"summary_large_image\" \/>\n<meta name=\"twitter:label1\" content=\"Geschrieben von\">\n\t<meta name=\"twitter:data1\" content=\"admin\">\n\t<meta name=\"twitter:label2\" content=\"Gesch\u00e4tzte Lesezeit\">\n\t<meta name=\"twitter:data2\" content=\"2\u00a0Minuten\">\n<script type=\"application\/ld+json\" class=\"yoast-schema-graph\">{\"@context\":\"https:\/\/schema.org\",\"@graph\":[{\"@type\":\"Organization\",\"@id\":\"https:\/\/www.lsr-luft.de\/#organization\",\"name\":\"L\\u00fcftungs Service Roch KG\",\"url\":\"https:\/\/www.lsr-luft.de\/\",\"sameAs\":[],\"logo\":{\"@type\":\"ImageObject\",\"@id\":\"https:\/\/www.lsr-luft.de\/#logo\",\"inLanguage\":\"de\",\"url\":\"https:\/\/www.lsr-luft.de\/wp-content\/uploads\/2020\/12\/Logo-LSR_only-01.png\",\"width\":7343,\"height\":3239,\"caption\":\"L\\u00fcftungs Service Roch KG\"},\"image\":{\"@id\":\"https:\/\/www.lsr-luft.de\/#logo\"}},{\"@type\":\"WebSite\",\"@id\":\"https:\/\/www.lsr-luft.de\/#website\",\"url\":\"https:\/\/www.lsr-luft.de\/\",\"name\":\"L\\u00fcftungs Service Roch KG\",\"description\":\"L\\u00fcftung | Filtration | SHK\",\"publisher\":{\"@id\":\"https:\/\/www.lsr-luft.de\/#organization\"},\"potentialAction\":[{\"@type\":\"SearchAction\",\"target\":\"https:\/\/www.lsr-luft.de\/?s={search_term_string}\",\"query-input\":\"required name=search_term_string\"}],\"inLanguage\":\"de\"},{\"@type\":\"ImageObject\",\"@id\":\"https:\/\/www.lsr-luft.de\/index.php\/filtration\/#primaryimage\",\"inLanguage\":\"de\",\"url\":\"https:\/\/www.lsr-luft.de\/wp-content\/uploads\/2021\/01\/imago0102922004h.jpg\",\"width\":1280,\"height\":720},{\"@type\":\"WebPage\",\"@id\":\"https:\/\/www.lsr-luft.de\/index.php\/filtration\/#webpage\",\"url\":\"https:\/\/www.lsr-luft.de\/index.php\/filtration\/\",\"name\":\"- LSR Lufttechnik - Mehr als saubere Luft!\",\"isPartOf\":{\"@id\":\"https:\/\/www.lsr-luft.de\/#website\"},\"primaryImageOfPage\":{\"@id\":\"https:\/\/www.lsr-luft.de\/index.php\/filtration\/#primaryimage\"},\"datePublished\":\"2021-01-20T22:59:32+00:00\",\"dateModified\":\"2023-08-10T14:40:04+00:00\",\"inLanguage\":\"de\",\"potentialAction\":[{\"@type\":\"ReadAction\",\"target\":[\"https:\/\/www.lsr-luft.de\/index.php\/filtration\/\"]}]}]}<\/script>\n<!-- \/ Yoast SEO plugin. -->","_links":{"self":[{"href":"https:\/\/www.lsr-luft.de\/index.php\/wp-json\/wp\/v2\/pages\/943","targetHints":{"allow":["GET"]}}],"collection":[{"href":"https:\/\/www.lsr-luft.de\/index.php\/wp-json\/wp\/v2\/pages"}],"about":[{"href":"https:\/\/www.lsr-luft.de\/index.php\/wp-json\/wp\/v2\/types\/page"}],"author":[{"embeddable":true,"href":"https:\/\/www.lsr-luft.de\/index.php\/wp-json\/wp\/v2\/users\/1"}],"replies":[{"embeddable":true,"href":"https:\/\/www.lsr-luft.de\/index.php\/wp-json\/wp\/v2\/comments?post=943"}],"version-history":[{"count":18,"href":"https:\/\/www.lsr-luft.de\/index.php\/wp-json\/wp\/v2\/pages\/943\/revisions"}],"predecessor-version":[{"id":1029,"href":"https:\/\/www.lsr-luft.de\/index.php\/wp-json\/wp\/v2\/pages\/943\/revisions\/1029"}],"wp:attachment":[{"href":"https:\/\/www.lsr-luft.de\/index.php\/wp-json\/wp\/v2\/media?parent=943"}],"curies":[{"name":"wp","href":"https:\/\/api.w.org\/{rel}","templated":true}]}}